{"id":11079,"date":"2026-02-25T15:17:59","date_gmt":"2026-02-25T22:17:59","guid":{"rendered":"https:\/\/observatorios.colef.mx\/osymm\/?page_id=11079"},"modified":"2026-02-25T15:23:12","modified_gmt":"2026-02-25T22:23:12","slug":"acceso-a-servicios-de-salud-2","status":"publish","type":"page","link":"https:\/\/observatorios.colef.mx\/osymm\/acceso-a-servicios-de-salud-2\/","title":{"rendered":"Acceso a servicios de salud"},"content":{"rendered":"\t\t<div data-elementor-type=\"wp-page\" data-elementor-id=\"11079\" class=\"elementor elementor-11079\" data-elementor-post-type=\"page\">\n\t\t\t\t<div class=\"elementor-element elementor-element-e9436a7 e-flex e-con-boxed e-con e-parent\" data-id=\"e9436a7\" data-element_type=\"container\">\n\t\t\t\t\t<div class=\"e-con-inner\">\n\t\t\t\t<div class=\"elementor-element elementor-element-d88ecbf elementor-widget elementor-widget-qi_addons_for_elementor_blog_list\" data-id=\"d88ecbf\" data-element_type=\"widget\" data-widget_type=\"qi_addons_for_elementor_blog_list.default\">\n\t\t\t\t<div class=\"elementor-widget-container\">\n\t\t\t\t\t<div class=\"qodef-shortcode qodef-m 9 qodef-addons-blog-list qodef-info-no-icons  qodef-image--hover-zoom   qodef-qi-grid qodef-layout--qi-columns  qodef-col-num--3  qodef-item-layout--boxed qodef-responsive--predefined\" >\n\t<div class=\"qodef-grid-inner\">\n\t\t<article class=\"qodef-e qodef-blog-item qodef-grid-item qodef-item--full post-11547 post type-post status-publish format-standard hentry category-articulos-cientificos tag-acceso-a-servicios-de-salud\">\n\t<div class=\"qodef-e-inner\">\n\t\t<div class=\"qodef-e-media-holder\">\n\t\t\t<div class=\"qodef-e-media\">\n\t<\/div>\n\t\t<\/div>\n\t\t<div class=\"qodef-e-content\">\n\t\t\t\t\t\t<div class=\"qodef-e-text\">\n\t\t\t\t<h5 itemprop=\"name\" class=\"qodef-e-title entry-title\">\n\t<a itemprop=\"url\" class=\"qodef-e-title-link\" href=\"https:\/\/observatorios.colef.mx\/osymm\/health-and-safety-concerns-of-female-asylum-seekers-living-in-an-informal-migrant-camp-in-matamoros-mexico\/\">\n\t\tHealth and safety concerns of female asylum seekers living in an informal migrant camp in Matamoros, Mexico\t<\/a>\n<\/h5>\n\t\t<p itemprop=\"description\" class=\"qodef-e-excerpt\">\n\t\t\tSi bien un n\u00famero creciente de personas en todo el mundo ejerce su derecho humano a solicitar asilo, Estados Unidos ha reducido considerablemente el n\u00famero de solicitantes de asi\t\t<\/p>\n\t\t\t\t<\/div>\n\t\t\t\t\t\t\t<div class=\"qodef-e-info qodef-info--bottom\">\n\t\t\t\t\t\t<div class=\"qodef-e-read-more\">\n\t\t<a class=\"qodef-shortcode qodef-m  qodef-qi-button qodef-html--link qodef-layout--textual qodef-type--standard   qodef-icon--right qodef-hover--icon-move-horizontal-short     \" href=\"https:\/\/observatorios.colef.mx\/osymm\/health-and-safety-concerns-of-female-asylum-seekers-living-in-an-informal-migrant-camp-in-matamoros-mexico\/\" target=\"_self\">\t<span class=\"qodef-m-text\">Leer m\u00e1s<\/span>\t<\/a>\t<\/div>\n\t\t\t\t<\/div>\n\t\t\t\t\t<\/div>\n\t<\/div>\n<\/article>\n<article class=\"qodef-e qodef-blog-item qodef-grid-item qodef-item--full post-11554 post type-post status-publish format-standard hentry category-articulos-cientificos tag-acceso-a-servicios-de-salud\">\n\t<div class=\"qodef-e-inner\">\n\t\t<div class=\"qodef-e-media-holder\">\n\t\t\t<div class=\"qodef-e-media\">\n\t<\/div>\n\t\t<\/div>\n\t\t<div class=\"qodef-e-content\">\n\t\t\t\t\t\t<div class=\"qodef-e-text\">\n\t\t\t\t<h5 itemprop=\"name\" class=\"qodef-e-title entry-title\">\n\t<a itemprop=\"url\" class=\"qodef-e-title-link\" href=\"https:\/\/observatorios.colef.mx\/osymm\/healthcare-lacking-for-rising-numbers-of-migrants-crossing-mexico-aid-agencies-warn\/\">\n\t\tHealthcare lacking for rising numbers of migrants crossing Mexico, aid agencies warn\t<\/a>\n<\/h5>\n\t\t<p itemprop=\"description\" class=\"qodef-e-excerpt\">\n\t\t\tLa organizaci\u00f3n humanitaria M\u00e9dicos Sin Fronteras (MSF) ha pedido al gobierno mexicano que garantice el paso seguro de los migrantes que se dirigen a Estados Unidos y que proporc\t\t<\/p>\n\t\t\t\t<\/div>\n\t\t\t\t\t\t\t<div class=\"qodef-e-info qodef-info--bottom\">\n\t\t\t\t\t\t<div class=\"qodef-e-read-more\">\n\t\t<a class=\"qodef-shortcode qodef-m  qodef-qi-button qodef-html--link qodef-layout--textual qodef-type--standard   qodef-icon--right qodef-hover--icon-move-horizontal-short     \" href=\"https:\/\/observatorios.colef.mx\/osymm\/healthcare-lacking-for-rising-numbers-of-migrants-crossing-mexico-aid-agencies-warn\/\" target=\"_self\">\t<span class=\"qodef-m-text\">Leer m\u00e1s<\/span>\t<\/a>\t<\/div>\n\t\t\t\t<\/div>\n\t\t\t\t\t<\/div>\n\t<\/div>\n<\/article>\n<article class=\"qodef-e qodef-blog-item qodef-grid-item qodef-item--full post-11586 post type-post status-publish format-standard hentry category-articulos-cientificos tag-acceso-a-servicios-de-salud\">\n\t<div class=\"qodef-e-inner\">\n\t\t<div class=\"qodef-e-media-holder\">\n\t\t\t<div class=\"qodef-e-media\">\n\t<\/div>\n\t\t<\/div>\n\t\t<div class=\"qodef-e-content\">\n\t\t\t\t\t\t<div class=\"qodef-e-text\">\n\t\t\t\t<h5 itemprop=\"name\" class=\"qodef-e-title entry-title\">\n\t<a itemprop=\"url\" class=\"qodef-e-title-link\" href=\"https:\/\/observatorios.colef.mx\/osymm\/what-security-and-for-whom-the-social-construction-of-exclusion-of-migrants-from-citizen-security-and-health-security-in-mexico\/\">\n\t\tWhat security and for whom? The social construction of exclusion of migrants from citizen security and health security in Mexico\t<\/a>\n<\/h5>\n\t\t<p itemprop=\"description\" class=\"qodef-e-excerpt\">\n\t\t\tEl art\u00edculo investiga c\u00f3mo se construye socialmente la idea de que los migrantes internacionales son una amenaza tanto para la seguridad ciudadana como para la salud p\u00fablica en\t\t<\/p>\n\t\t\t\t<\/div>\n\t\t\t\t\t\t\t<div class=\"qodef-e-info qodef-info--bottom\">\n\t\t\t\t\t\t<div class=\"qodef-e-read-more\">\n\t\t<a class=\"qodef-shortcode qodef-m  qodef-qi-button qodef-html--link qodef-layout--textual qodef-type--standard   qodef-icon--right qodef-hover--icon-move-horizontal-short     \" href=\"https:\/\/observatorios.colef.mx\/osymm\/what-security-and-for-whom-the-social-construction-of-exclusion-of-migrants-from-citizen-security-and-health-security-in-mexico\/\" target=\"_self\">\t<span class=\"qodef-m-text\">Leer m\u00e1s<\/span>\t<\/a>\t<\/div>\n\t\t\t\t<\/div>\n\t\t\t\t\t<\/div>\n\t<\/div>\n<\/article>\n<article class=\"qodef-e qodef-blog-item qodef-grid-item qodef-item--full post-11540 post type-post status-publish format-standard hentry category-articulos-cientificos tag-acceso-a-servicios-de-salud\">\n\t<div class=\"qodef-e-inner\">\n\t\t<div class=\"qodef-e-media-holder\">\n\t\t\t<div class=\"qodef-e-media\">\n\t<\/div>\n\t\t<\/div>\n\t\t<div class=\"qodef-e-content\">\n\t\t\t\t\t\t<div class=\"qodef-e-text\">\n\t\t\t\t<h5 itemprop=\"name\" class=\"qodef-e-title entry-title\">\n\t<a itemprop=\"url\" class=\"qodef-e-title-link\" href=\"https:\/\/observatorios.colef.mx\/osymm\/deterrence-based-asylum-policies-exacerbate-health-inequities-among-women-and-children-seeking-safety-at-the-us-mexico-border\/\">\n\t\tDeterrence-based asylum policies exacerbate health inequities among women and children seeking safety at the US\u2013Mexico border\t<\/a>\n<\/h5>\n\t\t<p itemprop=\"description\" class=\"qodef-e-excerpt\">\n\t\t\tLa \u00faltima d\u00e9cada ha presenciado un aumento global de la ret\u00f3rica racista y antiinmigrante. En Estados Unidos, la intensificaci\u00f3n de la militarizaci\u00f3n y las pol\u00edticas restrict\t\t<\/p>\n\t\t\t\t<\/div>\n\t\t\t\t\t\t\t<div class=\"qodef-e-info qodef-info--bottom\">\n\t\t\t\t\t\t<div class=\"qodef-e-read-more\">\n\t\t<a class=\"qodef-shortcode qodef-m  qodef-qi-button qodef-html--link qodef-layout--textual qodef-type--standard   qodef-icon--right qodef-hover--icon-move-horizontal-short     \" href=\"https:\/\/observatorios.colef.mx\/osymm\/deterrence-based-asylum-policies-exacerbate-health-inequities-among-women-and-children-seeking-safety-at-the-us-mexico-border\/\" target=\"_self\">\t<span class=\"qodef-m-text\">Leer m\u00e1s<\/span>\t<\/a>\t<\/div>\n\t\t\t\t<\/div>\n\t\t\t\t\t<\/div>\n\t<\/div>\n<\/article>\n<article class=\"qodef-e qodef-blog-item qodef-grid-item qodef-item--full post-11538 post type-post status-publish format-standard hentry category-articulos-cientificos tag-acceso-a-servicios-de-salud\">\n\t<div class=\"qodef-e-inner\">\n\t\t<div class=\"qodef-e-media-holder\">\n\t\t\t<div class=\"qodef-e-media\">\n\t<\/div>\n\t\t<\/div>\n\t\t<div class=\"qodef-e-content\">\n\t\t\t\t\t\t<div class=\"qodef-e-text\">\n\t\t\t\t<h5 itemprop=\"name\" class=\"qodef-e-title entry-title\">\n\t<a itemprop=\"url\" class=\"qodef-e-title-link\" href=\"https:\/\/observatorios.colef.mx\/osymm\/construction-of-an-intercultural-care-program-for-international-migrants-in-northwestern-mexico\/\">\n\t\tConstruction of an intercultural care program for international migrants in northwestern Mexico\t<\/a>\n<\/h5>\n\t\t<p itemprop=\"description\" class=\"qodef-e-excerpt\">\n\t\t\tEl desarrollo y evoluci\u00f3n del cuidado a personas migrantes internacionales ha favorecido la estructuraci\u00f3n de un Programa de Servicio Social de tipo comunitario para estudiantes\t\t<\/p>\n\t\t\t\t<\/div>\n\t\t\t\t\t\t\t<div class=\"qodef-e-info qodef-info--bottom\">\n\t\t\t\t\t\t<div class=\"qodef-e-read-more\">\n\t\t<a class=\"qodef-shortcode qodef-m  qodef-qi-button qodef-html--link qodef-layout--textual qodef-type--standard   qodef-icon--right qodef-hover--icon-move-horizontal-short     \" href=\"https:\/\/observatorios.colef.mx\/osymm\/construction-of-an-intercultural-care-program-for-international-migrants-in-northwestern-mexico\/\" target=\"_self\">\t<span class=\"qodef-m-text\">Leer m\u00e1s<\/span>\t<\/a>\t<\/div>\n\t\t\t\t<\/div>\n\t\t\t\t\t<\/div>\n\t<\/div>\n<\/article>\n<article class=\"qodef-e qodef-blog-item qodef-grid-item qodef-item--full post-11574 post type-post status-publish format-standard hentry category-articulos-cientificos tag-acceso-a-servicios-de-salud\">\n\t<div class=\"qodef-e-inner\">\n\t\t<div class=\"qodef-e-media-holder\">\n\t\t\t<div class=\"qodef-e-media\">\n\t<\/div>\n\t\t<\/div>\n\t\t<div class=\"qodef-e-content\">\n\t\t\t\t\t\t<div class=\"qodef-e-text\">\n\t\t\t\t<h5 itemprop=\"name\" class=\"qodef-e-title entry-title\">\n\t<a itemprop=\"url\" class=\"qodef-e-title-link\" href=\"https:\/\/observatorios.colef.mx\/osymm\/modelo-de-intervencion-grupal-para-las-personas-migrantes-en-su-transito-por-mexico-process-of-developing-a-group-work-intervention-model-for-migrant-persons-during-their-transit-through-mexico\/\">\n\t\tModelo de Intervenci\u00f3n Grupal para las personas migrantes en su tr\u00e1nsito por M\u00e9xico: Process of developing a group work intervention model for migrant persons during their transit through Mexico\t<\/a>\n<\/h5>\n\t\t<p itemprop=\"description\" class=\"qodef-e-excerpt\">\n\t\t\tEste art\u00edculo resume el proceso de desarrollo de un grupo abierto e h\u00edbrido (psicoeducacional y de apoyo) para personas migrantes en el corredor migratorio de M\u00e9xico-Estados Uni\t\t<\/p>\n\t\t\t\t<\/div>\n\t\t\t\t\t\t\t<div class=\"qodef-e-info qodef-info--bottom\">\n\t\t\t\t\t\t<div class=\"qodef-e-read-more\">\n\t\t<a class=\"qodef-shortcode qodef-m  qodef-qi-button qodef-html--link qodef-layout--textual qodef-type--standard   qodef-icon--right qodef-hover--icon-move-horizontal-short     \" href=\"https:\/\/observatorios.colef.mx\/osymm\/modelo-de-intervencion-grupal-para-las-personas-migrantes-en-su-transito-por-mexico-process-of-developing-a-group-work-intervention-model-for-migrant-persons-during-their-transit-through-mexico\/\" target=\"_self\">\t<span class=\"qodef-m-text\">Leer m\u00e1s<\/span>\t<\/a>\t<\/div>\n\t\t\t\t<\/div>\n\t\t\t\t\t<\/div>\n\t<\/div>\n<\/article>\n<article class=\"qodef-e qodef-blog-item qodef-grid-item qodef-item--full post-11582 post type-post status-publish format-standard hentry category-articulos-cientificos tag-acceso-a-servicios-de-salud\">\n\t<div class=\"qodef-e-inner\">\n\t\t<div class=\"qodef-e-media-holder\">\n\t\t\t<div class=\"qodef-e-media\">\n\t<\/div>\n\t\t<\/div>\n\t\t<div class=\"qodef-e-content\">\n\t\t\t\t\t\t<div class=\"qodef-e-text\">\n\t\t\t\t<h5 itemprop=\"name\" class=\"qodef-e-title entry-title\">\n\t<a itemprop=\"url\" class=\"qodef-e-title-link\" href=\"https:\/\/observatorios.colef.mx\/osymm\/the-response-of-health-systems-to-the-needs-of-migrants-and-refugees-in-the-covid-19-pandemic-a-comparative-case-study-between-mexico-colombia-and-peru\/\">\n\t\tThe response of health systems to the needs of migrants and refugees in the COVID-19 pandemic: a comparative case study between Mexico, Colombia and Peru\t<\/a>\n<\/h5>\n\t\t<p itemprop=\"description\" class=\"qodef-e-excerpt\">\n\t\t\tProteger la salud de las personas migrantes y refugiadas durante la pandemia represent\u00f3 un desaf\u00edo significativo en Am\u00e9rica Latina. Nuestro objetivo fue describir y contrastar l\t\t<\/p>\n\t\t\t\t<\/div>\n\t\t\t\t\t\t\t<div class=\"qodef-e-info qodef-info--bottom\">\n\t\t\t\t\t\t<div class=\"qodef-e-read-more\">\n\t\t<a class=\"qodef-shortcode qodef-m  qodef-qi-button qodef-html--link qodef-layout--textual qodef-type--standard   qodef-icon--right qodef-hover--icon-move-horizontal-short     \" href=\"https:\/\/observatorios.colef.mx\/osymm\/the-response-of-health-systems-to-the-needs-of-migrants-and-refugees-in-the-covid-19-pandemic-a-comparative-case-study-between-mexico-colombia-and-peru\/\" target=\"_self\">\t<span class=\"qodef-m-text\">Leer m\u00e1s<\/span>\t<\/a>\t<\/div>\n\t\t\t\t<\/div>\n\t\t\t\t\t<\/div>\n\t<\/div>\n<\/article>\n<article class=\"qodef-e qodef-blog-item qodef-grid-item qodef-item--full post-11568 post type-post status-publish format-standard hentry category-articulos-cientificos tag-acceso-a-servicios-de-salud\">\n\t<div class=\"qodef-e-inner\">\n\t\t<div class=\"qodef-e-media-holder\">\n\t\t\t<div class=\"qodef-e-media\">\n\t<\/div>\n\t\t<\/div>\n\t\t<div class=\"qodef-e-content\">\n\t\t\t\t\t\t<div class=\"qodef-e-text\">\n\t\t\t\t<h5 itemprop=\"name\" class=\"qodef-e-title entry-title\">\n\t<a itemprop=\"url\" class=\"qodef-e-title-link\" href=\"https:\/\/observatorios.colef.mx\/osymm\/improving-migrants-care-in-mexico-a-statement-by-the-mexican-federation-of-colleges-of-obstetricians-and-gynecologists\/\">\n\t\tImproving Migrant&#8217;s Care in Mexico: A statement by the Mexican Federation of Colleges of Obstetricians and Gynecologists\t<\/a>\n<\/h5>\n\t\t<p itemprop=\"description\" class=\"qodef-e-excerpt\">\n\t\t\tEl siguiente es un comunicado oficial de la dirigencia de la Federaci\u00f3n Mexicana de Colegios de M\u00e9dicos Obstetras y Ginec\u00f3logos respecto a la atenci\u00f3n a personas migrantes en M\t\t<\/p>\n\t\t\t\t<\/div>\n\t\t\t\t\t\t\t<div class=\"qodef-e-info qodef-info--bottom\">\n\t\t\t\t\t\t<div class=\"qodef-e-read-more\">\n\t\t<a class=\"qodef-shortcode qodef-m  qodef-qi-button qodef-html--link qodef-layout--textual qodef-type--standard   qodef-icon--right qodef-hover--icon-move-horizontal-short     \" href=\"https:\/\/observatorios.colef.mx\/osymm\/improving-migrants-care-in-mexico-a-statement-by-the-mexican-federation-of-colleges-of-obstetricians-and-gynecologists\/\" target=\"_self\">\t<span class=\"qodef-m-text\">Leer m\u00e1s<\/span>\t<\/a>\t<\/div>\n\t\t\t\t<\/div>\n\t\t\t\t\t<\/div>\n\t<\/div>\n<\/article>\n\t<\/div>\n\t<\/div>\n\t\t\t\t<\/div>\n\t\t\t\t<\/div>\n\t\t\t\t\t<\/div>\n\t\t\t\t<\/div>\n\t\t\t\t<\/div>\n\t\t","protected":false},"excerpt":{"rendered":"<p>Health and safety concerns of female asylum seekers living in an informal migrant camp in Matamoros, Mexico Si bien un n\u00famero creciente de personas en todo el mundo ejerce su derecho humano a solicitar asilo, Estados Unidos ha reducido considerablemente el n\u00famero de solicitantes de asi Leer m\u00e1s Healthcare lacking for rising numbers of migrants [&hellip;]<\/p>\n","protected":false},"author":14,"featured_media":0,"parent":0,"menu_order":0,"comment_status":"closed","ping_status":"closed","template":"","meta":{"footnotes":""},"class_list":["post-11079","page","type-page","status-publish","hentry"],"_links":{"self":[{"href":"https:\/\/observatorios.colef.mx\/osymm\/wp-json\/wp\/v2\/pages\/11079","targetHints":{"allow":["GET"]}}],"collection":[{"href":"https:\/\/observatorios.colef.mx\/osymm\/wp-json\/wp\/v2\/pages"}],"about":[{"href":"https:\/\/observatorios.colef.mx\/osymm\/wp-json\/wp\/v2\/types\/page"}],"author":[{"embeddable":true,"href":"https:\/\/observatorios.colef.mx\/osymm\/wp-json\/wp\/v2\/users\/14"}],"replies":[{"embeddable":true,"href":"https:\/\/observatorios.colef.mx\/osymm\/wp-json\/wp\/v2\/comments?post=11079"}],"version-history":[{"count":5,"href":"https:\/\/observatorios.colef.mx\/osymm\/wp-json\/wp\/v2\/pages\/11079\/revisions"}],"predecessor-version":[{"id":11687,"href":"https:\/\/observatorios.colef.mx\/osymm\/wp-json\/wp\/v2\/pages\/11079\/revisions\/11687"}],"wp:attachment":[{"href":"https:\/\/observatorios.colef.mx\/osymm\/wp-json\/wp\/v2\/media?parent=11079"}],"curies":[{"name":"wp","href":"https:\/\/api.w.org\/{rel}","templated":true}]}}