{"id":11040,"date":"2025-07-22T09:37:44","date_gmt":"2025-07-22T16:37:44","guid":{"rendered":"https:\/\/observatorios.colef.mx\/osymm\/?page_id=11040"},"modified":"2025-07-22T09:45:49","modified_gmt":"2025-07-22T16:45:49","slug":"salud-mental-literatura","status":"publish","type":"page","link":"https:\/\/observatorios.colef.mx\/osymm\/salud-mental-literatura\/","title":{"rendered":"SALUD MENTAL LITERATURA"},"content":{"rendered":"\t\t<div data-elementor-type=\"wp-page\" data-elementor-id=\"11040\" class=\"elementor elementor-11040\" data-elementor-post-type=\"page\">\n\t\t\t\t<div class=\"elementor-element elementor-element-61c1a96 e-flex e-con-boxed e-con e-parent\" data-id=\"61c1a96\" data-element_type=\"container\">\n\t\t\t\t\t<div class=\"e-con-inner\">\n\t\t\t\t<div class=\"elementor-element elementor-element-fea831d elementor-widget elementor-widget-qi_addons_for_elementor_blog_list\" data-id=\"fea831d\" data-element_type=\"widget\" data-widget_type=\"qi_addons_for_elementor_blog_list.default\">\n\t\t\t\t<div class=\"elementor-widget-container\">\n\t\t\t\t\t<div class=\"qodef-shortcode qodef-m  qodef-addons-blog-list qodef-info-no-icons  qodef-image--hover-zoom   qodef-qi-grid qodef-layout--qi-columns  qodef-col-num--3  qodef-item-layout--boxed qodef-responsive--predefined\" >\n\t<div class=\"qodef-grid-inner\">\n\t\t<article class=\"qodef-e qodef-blog-item qodef-grid-item qodef-item--full post-11050 post type-post status-publish format-standard hentry category-literatura-gris tag-sm2\">\n\t<div class=\"qodef-e-inner\">\n\t\t<div class=\"qodef-e-media-holder\">\n\t\t\t<div class=\"qodef-e-media\">\n\t<\/div>\n\t\t<\/div>\n\t\t<div class=\"qodef-e-content\">\n\t\t\t\t\t\t<div class=\"qodef-e-text\">\n\t\t\t\t<h5 itemprop=\"name\" class=\"qodef-e-title entry-title\">\n\t<a itemprop=\"url\" class=\"qodef-e-title-link\" href=\"https:\/\/observatorios.colef.mx\/osymm\/sin-salida-la-crisis-humanitaria-de-la-poblacion-migrante-y-solicitante-de-asilo-atrapada-entre-estados-unidos-mexico-y-el-triangulo-norte-de-centroamerica-tnca\/\">\n\t\tSin Salida: La crisis humanitaria de la poblaci\u00f3n migrante y solicitante de asilo atrapada entre Estados Unidos, M\u00e9xico y el Tri\u00e1ngulo Norte de Centroam\u00e9rica (TNCA)\t<\/a>\n<\/h5>\n\t\t<p itemprop=\"description\" class=\"qodef-e-excerpt\">\n\t\t\tInforme de MSF sobre la crisis humanitaria de migrantes entre Centroam\u00e9rica, M\u00e9xico y EE.\u202fUU. que documenta niveles extremos de violencia y trauma. MSF reporta que entre 2015-2\t\t<\/p>\n\t\t\t\t<\/div>\n\t\t\t\t\t\t\t<div class=\"qodef-e-info qodef-info--bottom\">\n\t\t\t\t\t\t<div class=\"qodef-e-read-more\">\n\t\t<a class=\"qodef-shortcode qodef-m  qodef-qi-button qodef-html--link qodef-layout--textual qodef-type--standard   qodef-icon--right qodef-hover--icon-move-horizontal-short     \" href=\"https:\/\/observatorios.colef.mx\/osymm\/sin-salida-la-crisis-humanitaria-de-la-poblacion-migrante-y-solicitante-de-asilo-atrapada-entre-estados-unidos-mexico-y-el-triangulo-norte-de-centroamerica-tnca\/\" target=\"_self\">\t<span class=\"qodef-m-text\">Leer mas<\/span>\t<\/a>\t<\/div>\n\t\t\t\t<\/div>\n\t\t\t\t\t<\/div>\n\t<\/div>\n<\/article>\n<article class=\"qodef-e qodef-blog-item qodef-grid-item qodef-item--full post-11045 post type-post status-publish format-standard hentry category-literatura-gris tag-sm2\">\n\t<div class=\"qodef-e-inner\">\n\t\t<div class=\"qodef-e-media-holder\">\n\t\t\t<div class=\"qodef-e-media\">\n\t<\/div>\n\t\t<\/div>\n\t\t<div class=\"qodef-e-content\">\n\t\t\t\t\t\t<div class=\"qodef-e-text\">\n\t\t\t\t<h5 itemprop=\"name\" class=\"qodef-e-title entry-title\">\n\t<a itemprop=\"url\" class=\"qodef-e-title-link\" href=\"https:\/\/observatorios.colef.mx\/osymm\/immigration-cultural-identity-and-mental-health-psycho-social-implications-of-the-reshaping-of-america\/\">\n\t\tImmigration, cultural identity, and mental health: psycho-social implications of the reshaping of America\t<\/a>\n<\/h5>\n\t\t<p itemprop=\"description\" class=\"qodef-e-excerpt\">\n\t\t\tEste libro aborda las estad\u00edsticas veraces y precisas sobre la criminalidad inmigrante y explora y analiza estos datos desde una nueva perspectiva, ayudando a disipar los mitos de\t\t<\/p>\n\t\t\t\t<\/div>\n\t\t\t\t\t\t\t<div class=\"qodef-e-info qodef-info--bottom\">\n\t\t\t\t\t\t<div class=\"qodef-e-read-more\">\n\t\t<a class=\"qodef-shortcode qodef-m  qodef-qi-button qodef-html--link qodef-layout--textual qodef-type--standard   qodef-icon--right qodef-hover--icon-move-horizontal-short     \" href=\"https:\/\/observatorios.colef.mx\/osymm\/immigration-cultural-identity-and-mental-health-psycho-social-implications-of-the-reshaping-of-america\/\" target=\"_self\">\t<span class=\"qodef-m-text\">Leer mas<\/span>\t<\/a>\t<\/div>\n\t\t\t\t<\/div>\n\t\t\t\t\t<\/div>\n\t<\/div>\n<\/article>\n\t<\/div>\n\t<\/div>\n\t\t\t\t<\/div>\n\t\t\t\t<\/div>\n\t\t\t\t\t<\/div>\n\t\t\t\t<\/div>\n\t\t\t\t<\/div>\n\t\t","protected":false},"excerpt":{"rendered":"<p>Immigration, cultural identity, and mental health : psycho-social implications of the reshaping of America Este libro aborda las estad\u00edsticas veraces y precisas sobre la criminalidad inmigrante y explora y analiza estos datos desde una nueva perspectiva, ayudando a disipar los mitos de Leer mas<\/p>\n","protected":false},"author":14,"featured_media":0,"parent":0,"menu_order":0,"comment_status":"closed","ping_status":"closed","template":"","meta":{"footnotes":""},"class_list":["post-11040","page","type-page","status-publish","hentry"],"_links":{"self":[{"href":"https:\/\/observatorios.colef.mx\/osymm\/wp-json\/wp\/v2\/pages\/11040","targetHints":{"allow":["GET"]}}],"collection":[{"href":"https:\/\/observatorios.colef.mx\/osymm\/wp-json\/wp\/v2\/pages"}],"about":[{"href":"https:\/\/observatorios.colef.mx\/osymm\/wp-json\/wp\/v2\/types\/page"}],"author":[{"embeddable":true,"href":"https:\/\/observatorios.colef.mx\/osymm\/wp-json\/wp\/v2\/users\/14"}],"replies":[{"embeddable":true,"href":"https:\/\/observatorios.colef.mx\/osymm\/wp-json\/wp\/v2\/comments?post=11040"}],"version-history":[{"count":4,"href":"https:\/\/observatorios.colef.mx\/osymm\/wp-json\/wp\/v2\/pages\/11040\/revisions"}],"predecessor-version":[{"id":11049,"href":"https:\/\/observatorios.colef.mx\/osymm\/wp-json\/wp\/v2\/pages\/11040\/revisions\/11049"}],"wp:attachment":[{"href":"https:\/\/observatorios.colef.mx\/osymm\/wp-json\/wp\/v2\/media?parent=11040"}],"curies":[{"name":"wp","href":"https:\/\/api.w.org\/{rel}","templated":true}]}}