{"id":10874,"date":"2025-05-13T10:34:21","date_gmt":"2025-05-13T17:34:21","guid":{"rendered":"https:\/\/observatorios.colef.mx\/osymm\/?page_id=10874"},"modified":"2025-05-13T10:41:36","modified_gmt":"2025-05-13T17:41:36","slug":"salud-sexual-y-reproductiva-literatura","status":"publish","type":"page","link":"https:\/\/observatorios.colef.mx\/osymm\/salud-sexual-y-reproductiva-literatura\/","title":{"rendered":"SALUD SEXUAL Y REPRODUCTIVA LITERATURA"},"content":{"rendered":"\t\t<div data-elementor-type=\"wp-page\" data-elementor-id=\"10874\" class=\"elementor elementor-10874\" data-elementor-post-type=\"page\">\n\t\t\t\t<div class=\"elementor-element elementor-element-61c1a96 e-flex e-con-boxed e-con e-parent\" data-id=\"61c1a96\" data-element_type=\"container\">\n\t\t\t\t\t<div class=\"e-con-inner\">\n\t\t\t\t<div class=\"elementor-element elementor-element-fea831d elementor-widget elementor-widget-qi_addons_for_elementor_blog_list\" data-id=\"fea831d\" data-element_type=\"widget\" data-widget_type=\"qi_addons_for_elementor_blog_list.default\">\n\t\t\t\t<div class=\"elementor-widget-container\">\n\t\t\t\t\t<div class=\"qodef-shortcode qodef-m  qodef-addons-blog-list qodef-info-no-icons  qodef-image--hover-zoom   qodef-qi-grid qodef-layout--qi-columns  qodef-col-num--3  qodef-item-layout--boxed qodef-responsive--predefined\" >\n\t<div class=\"qodef-grid-inner\">\n\t\t<article class=\"qodef-e qodef-blog-item qodef-grid-item qodef-item--full post-10929 post type-post status-publish format-standard hentry category-literatura-gris tag-ssr2\">\n\t<div class=\"qodef-e-inner\">\n\t\t<div class=\"qodef-e-media-holder\">\n\t\t\t<div class=\"qodef-e-media\">\n\t<\/div>\n\t\t<\/div>\n\t\t<div class=\"qodef-e-content\">\n\t\t\t\t\t\t<div class=\"qodef-e-text\">\n\t\t\t\t<h5 itemprop=\"name\" class=\"qodef-e-title entry-title\">\n\t<a itemprop=\"url\" class=\"qodef-e-title-link\" href=\"https:\/\/observatorios.colef.mx\/osymm\/sin-libertad-y-sin-salud-salud-reproductiva-en-la-estacion-migratoria-de-la-ciudad-de-mexico\/\">\n\t\tSin libertad y sin salud: salud reproductiva en la Estaci\u00f3n Migratoria de la Ciudad de M\u00e9xico\t<\/a>\n<\/h5>\n\t\t<p itemprop=\"description\" class=\"qodef-e-excerpt\">\n\t\t\t\t\t<\/p>\n\t\t\t\t<\/div>\n\t\t\t\t\t\t\t<div class=\"qodef-e-info qodef-info--bottom\">\n\t\t\t\t\t\t<div class=\"qodef-e-read-more\">\n\t\t<a class=\"qodef-shortcode qodef-m  qodef-qi-button qodef-html--link qodef-layout--textual qodef-type--standard   qodef-icon--right qodef-hover--icon-move-horizontal-short     \" href=\"https:\/\/observatorios.colef.mx\/osymm\/sin-libertad-y-sin-salud-salud-reproductiva-en-la-estacion-migratoria-de-la-ciudad-de-mexico\/\" target=\"_self\">\t<span class=\"qodef-m-text\">Leer mas<\/span>\t<\/a>\t<\/div>\n\t\t\t\t<\/div>\n\t\t\t\t\t<\/div>\n\t<\/div>\n<\/article>\n<article class=\"qodef-e qodef-blog-item qodef-grid-item qodef-item--full post-10939 post type-post status-publish format-standard hentry category-literatura-gris tag-ssr2\">\n\t<div class=\"qodef-e-inner\">\n\t\t<div class=\"qodef-e-media-holder\">\n\t\t\t<div class=\"qodef-e-media\">\n\t<\/div>\n\t\t<\/div>\n\t\t<div class=\"qodef-e-content\">\n\t\t\t\t\t\t<div class=\"qodef-e-text\">\n\t\t\t\t<h5 itemprop=\"name\" class=\"qodef-e-title entry-title\">\n\t<a itemprop=\"url\" class=\"qodef-e-title-link\" href=\"https:\/\/observatorios.colef.mx\/osymm\/propuesta-de-programa-piloto-para-aumentar-la-disponibilidad-y-flexibilidad-de-las-vias-de-migracion-regular-a-mexico-para-mujeres-centroamericanas-victimas-de-violencia-de-genero-y-sus-hijas-e\/\">\n\t\tPropuesta de Programa  Piloto para aumentar la  disponibilidad y flexibilidad  de las v\u00edas de migraci\u00f3n  regular a M\u00e9xico para  mujeres centroamericanas  v\u00edctimas de violencia de  g\u00e9nero y sus hijas e hijos\t<\/a>\n<\/h5>\n\t\t<p itemprop=\"description\" class=\"qodef-e-excerpt\">\n\t\t\tEl documento presenta una propuesta de Programa Piloto dise\u00f1ado por el Instituto para las Mujeres en la Migraci\u00f3n (IMUMI) para facilitar la migraci\u00f3n regular a M\u00e9xico de mujere\t\t<\/p>\n\t\t\t\t<\/div>\n\t\t\t\t\t\t\t<div class=\"qodef-e-info qodef-info--bottom\">\n\t\t\t\t\t\t<div class=\"qodef-e-read-more\">\n\t\t<a class=\"qodef-shortcode qodef-m  qodef-qi-button qodef-html--link qodef-layout--textual qodef-type--standard   qodef-icon--right qodef-hover--icon-move-horizontal-short     \" href=\"https:\/\/observatorios.colef.mx\/osymm\/propuesta-de-programa-piloto-para-aumentar-la-disponibilidad-y-flexibilidad-de-las-vias-de-migracion-regular-a-mexico-para-mujeres-centroamericanas-victimas-de-violencia-de-genero-y-sus-hijas-e\/\" target=\"_self\">\t<span class=\"qodef-m-text\">Leer mas<\/span>\t<\/a>\t<\/div>\n\t\t\t\t<\/div>\n\t\t\t\t\t<\/div>\n\t<\/div>\n<\/article>\n<article class=\"qodef-e qodef-blog-item qodef-grid-item qodef-item--full post-10937 post type-post status-publish format-standard hentry category-literatura-gris tag-ssr2\">\n\t<div class=\"qodef-e-inner\">\n\t\t<div class=\"qodef-e-media-holder\">\n\t\t\t<div class=\"qodef-e-media\">\n\t<\/div>\n\t\t<\/div>\n\t\t<div class=\"qodef-e-content\">\n\t\t\t\t\t\t<div class=\"qodef-e-text\">\n\t\t\t\t<h5 itemprop=\"name\" class=\"qodef-e-title entry-title\">\n\t<a itemprop=\"url\" class=\"qodef-e-title-link\" href=\"https:\/\/observatorios.colef.mx\/osymm\/pregnancy-and-access-to-antenatal-care-during-displacement\/\">\n\t\tPregnancy and Access to Antenatal Care during Displacement\t<\/a>\n<\/h5>\n\t\t<p itemprop=\"description\" class=\"qodef-e-excerpt\">\n\t\t\tEl estudio Redressing Gendered Health Inequalities of Displaced Women and Girls ReGHID, realizado en Honduras por la Universidad de Southampton y la Organizaci\u00f3n Internacional par\t\t<\/p>\n\t\t\t\t<\/div>\n\t\t\t\t\t\t\t<div class=\"qodef-e-info qodef-info--bottom\">\n\t\t\t\t\t\t<div class=\"qodef-e-read-more\">\n\t\t<a class=\"qodef-shortcode qodef-m  qodef-qi-button qodef-html--link qodef-layout--textual qodef-type--standard   qodef-icon--right qodef-hover--icon-move-horizontal-short     \" href=\"https:\/\/observatorios.colef.mx\/osymm\/pregnancy-and-access-to-antenatal-care-during-displacement\/\" target=\"_self\">\t<span class=\"qodef-m-text\">Leer mas<\/span>\t<\/a>\t<\/div>\n\t\t\t\t<\/div>\n\t\t\t\t\t<\/div>\n\t<\/div>\n<\/article>\n<article class=\"qodef-e qodef-blog-item qodef-grid-item qodef-item--full post-10919 post type-post status-publish format-standard hentry category-literatura-gris tag-ssr2\">\n\t<div class=\"qodef-e-inner\">\n\t\t<div class=\"qodef-e-media-holder\">\n\t\t\t<div class=\"qodef-e-media\">\n\t<\/div>\n\t\t<\/div>\n\t\t<div class=\"qodef-e-content\">\n\t\t\t\t\t\t<div class=\"qodef-e-text\">\n\t\t\t\t<h5 itemprop=\"name\" class=\"qodef-e-title entry-title\">\n\t<a itemprop=\"url\" class=\"qodef-e-title-link\" href=\"https:\/\/observatorios.colef.mx\/osymm\/necesidades-y-atencion-en-salud-sexual-y-reproductiva-de-mujeres-migrantes-en-mexico-un-estudio-desde-ciudadmujeres-migrantes-en-mexico-un-estudio-desde-ciudad-juarez-volumen-3\/\">\n\t\tNecesidades y atenci\u00f3n en salud sexual y reproductiva de mujeres migrantes en M\u00e9xico: Un estudio desde Ciudad Ju\u00e1rez\u2014Volumen 3\t<\/a>\n<\/h5>\n\t\t<p itemprop=\"description\" class=\"qodef-e-excerpt\">\n\t\t\tEl estudio retoma las voces de mujeres migrantes en la frontera norte de M\u00e9xico (Ciudad Ju\u00e1rez) y explora sus diversas necesidades de salud sexual y reproductiva durante el tr\u00e1n\t\t<\/p>\n\t\t\t\t<\/div>\n\t\t\t\t\t\t\t<div class=\"qodef-e-info qodef-info--bottom\">\n\t\t\t\t\t\t<div class=\"qodef-e-read-more\">\n\t\t<a class=\"qodef-shortcode qodef-m  qodef-qi-button qodef-html--link qodef-layout--textual qodef-type--standard   qodef-icon--right qodef-hover--icon-move-horizontal-short     \" href=\"https:\/\/observatorios.colef.mx\/osymm\/necesidades-y-atencion-en-salud-sexual-y-reproductiva-de-mujeres-migrantes-en-mexico-un-estudio-desde-ciudadmujeres-migrantes-en-mexico-un-estudio-desde-ciudad-juarez-volumen-3\/\" target=\"_self\">\t<span class=\"qodef-m-text\">Leer mas<\/span>\t<\/a>\t<\/div>\n\t\t\t\t<\/div>\n\t\t\t\t\t<\/div>\n\t<\/div>\n<\/article>\n<article class=\"qodef-e qodef-blog-item qodef-grid-item qodef-item--full post-10914 post type-post status-publish format-standard hentry category-literatura-gris tag-ssr2\">\n\t<div class=\"qodef-e-inner\">\n\t\t<div class=\"qodef-e-media-holder\">\n\t\t\t<div class=\"qodef-e-media\">\n\t<\/div>\n\t\t<\/div>\n\t\t<div class=\"qodef-e-content\">\n\t\t\t\t\t\t<div class=\"qodef-e-text\">\n\t\t\t\t<h5 itemprop=\"name\" class=\"qodef-e-title entry-title\">\n\t<a itemprop=\"url\" class=\"qodef-e-title-link\" href=\"https:\/\/observatorios.colef.mx\/osymm\/necesidades-y-atencion-en-salud-sexual-y-reproductiva-de-mujeres-migrantes-en-mexico-un-estudio-desde-ciudad-juarez-chihuahua-volumen-2\/\">\n\t\tNecesidades y Atenci\u00f3n en Salud Sexual y Reproductiva de  Mujeres Migrantes en M\u00e9xico. Un estudio desde Ciudad Ju\u00e1rez,  Chihuahua. Volumen 2\t<\/a>\n<\/h5>\n\t\t<p itemprop=\"description\" class=\"qodef-e-excerpt\">\n\t\t\tEl estudio retoma las voces de mujeres migrantes en la frontera norte de M\u00e9xico (Ciudad Ju\u00e1rez) y explora sus diversas necesidades de salud sexual y reproductiva durante el tr\u00e1n\t\t<\/p>\n\t\t\t\t<\/div>\n\t\t\t\t\t\t\t<div class=\"qodef-e-info qodef-info--bottom\">\n\t\t\t\t\t\t<div class=\"qodef-e-read-more\">\n\t\t<a class=\"qodef-shortcode qodef-m  qodef-qi-button qodef-html--link qodef-layout--textual qodef-type--standard   qodef-icon--right qodef-hover--icon-move-horizontal-short     \" href=\"https:\/\/observatorios.colef.mx\/osymm\/necesidades-y-atencion-en-salud-sexual-y-reproductiva-de-mujeres-migrantes-en-mexico-un-estudio-desde-ciudad-juarez-chihuahua-volumen-2\/\" target=\"_self\">\t<span class=\"qodef-m-text\">Leer mas<\/span>\t<\/a>\t<\/div>\n\t\t\t\t<\/div>\n\t\t\t\t\t<\/div>\n\t<\/div>\n<\/article>\n<article class=\"qodef-e qodef-blog-item qodef-grid-item qodef-item--full post-10912 post type-post status-publish format-standard hentry category-literatura-gris tag-ssr2\">\n\t<div class=\"qodef-e-inner\">\n\t\t<div class=\"qodef-e-media-holder\">\n\t\t\t<div class=\"qodef-e-media\">\n\t<\/div>\n\t\t<\/div>\n\t\t<div class=\"qodef-e-content\">\n\t\t\t\t\t\t<div class=\"qodef-e-text\">\n\t\t\t\t<h5 itemprop=\"name\" class=\"qodef-e-title entry-title\">\n\t<a itemprop=\"url\" class=\"qodef-e-title-link\" href=\"https:\/\/observatorios.colef.mx\/osymm\/necesidades-y-atencion-en-salud-sexual-y-reproductiva-de-mujeres-migrantes-en-mexico-un-estudio-desde-ciudad-juarez-chihuahua-volumen-1\/\">\n\t\tNecesidades y Atenci\u00f3n en Salud Sexual y Reproductiva de  Mujeres Migrantes en M\u00e9xico. Un estudio desde Ciudad Ju\u00e1rez,  Chihuahua. Volumen 1\t<\/a>\n<\/h5>\n\t\t<p itemprop=\"description\" class=\"qodef-e-excerpt\">\n\t\t\tEl estudio retoma las voces de mujeres migrantes en la frontera norte de M\u00e9xico (Ciudad Ju\u00e1rez) y explora sus diversas necesidades de salud sexual y reproductiva durante el tr\u00e1n\t\t<\/p>\n\t\t\t\t<\/div>\n\t\t\t\t\t\t\t<div class=\"qodef-e-info qodef-info--bottom\">\n\t\t\t\t\t\t<div class=\"qodef-e-read-more\">\n\t\t<a class=\"qodef-shortcode qodef-m  qodef-qi-button qodef-html--link qodef-layout--textual qodef-type--standard   qodef-icon--right qodef-hover--icon-move-horizontal-short     \" href=\"https:\/\/observatorios.colef.mx\/osymm\/necesidades-y-atencion-en-salud-sexual-y-reproductiva-de-mujeres-migrantes-en-mexico-un-estudio-desde-ciudad-juarez-chihuahua-volumen-1\/\" target=\"_self\">\t<span class=\"qodef-m-text\">Leer mas<\/span>\t<\/a>\t<\/div>\n\t\t\t\t<\/div>\n\t\t\t\t\t<\/div>\n\t<\/div>\n<\/article>\n<article class=\"qodef-e qodef-blog-item qodef-grid-item qodef-item--full post-10921 post type-post status-publish format-standard hentry category-literatura-gris tag-ssr2\">\n\t<div class=\"qodef-e-inner\">\n\t\t<div class=\"qodef-e-media-holder\">\n\t\t\t<div class=\"qodef-e-media\">\n\t<\/div>\n\t\t<\/div>\n\t\t<div class=\"qodef-e-content\">\n\t\t\t\t\t\t<div class=\"qodef-e-text\">\n\t\t\t\t<h5 itemprop=\"name\" class=\"qodef-e-title entry-title\">\n\t<a itemprop=\"url\" class=\"qodef-e-title-link\" href=\"https:\/\/observatorios.colef.mx\/osymm\/mujeres-migrantes-en-transito-por-mexico-riesgos-y-fortalezas-para-enfrentarlos-6\/\">\n\t\tMujeres migrantes en tr\u00e1nsito por M\u00e9xico:  riesgos y fortalezas para enfrentarlos\t<\/a>\n<\/h5>\n\t\t<p itemprop=\"description\" class=\"qodef-e-excerpt\">\n\t\t\tEste trabajo resume investigaciones cualitativas sobre mujeres migrantes centroamericanas en tr\u00e1nsito por M\u00e9xico. Se analizan caracter\u00edsticas sociodemogr\u00e1ficas comunes y las mo\t\t<\/p>\n\t\t\t\t<\/div>\n\t\t\t\t\t\t\t<div class=\"qodef-e-info qodef-info--bottom\">\n\t\t\t\t\t\t<div class=\"qodef-e-read-more\">\n\t\t<a class=\"qodef-shortcode qodef-m  qodef-qi-button qodef-html--link qodef-layout--textual qodef-type--standard   qodef-icon--right qodef-hover--icon-move-horizontal-short     \" href=\"https:\/\/observatorios.colef.mx\/osymm\/mujeres-migrantes-en-transito-por-mexico-riesgos-y-fortalezas-para-enfrentarlos-6\/\" target=\"_self\">\t<span class=\"qodef-m-text\">Leer mas<\/span>\t<\/a>\t<\/div>\n\t\t\t\t<\/div>\n\t\t\t\t\t<\/div>\n\t<\/div>\n<\/article>\n<article class=\"qodef-e qodef-blog-item qodef-grid-item qodef-item--full post-10908 post type-post status-publish format-standard hentry category-literatura-gris tag-ssr2\">\n\t<div class=\"qodef-e-inner\">\n\t\t<div class=\"qodef-e-media-holder\">\n\t\t\t<div class=\"qodef-e-media\">\n\t<\/div>\n\t\t<\/div>\n\t\t<div class=\"qodef-e-content\">\n\t\t\t\t\t\t<div class=\"qodef-e-text\">\n\t\t\t\t<h5 itemprop=\"name\" class=\"qodef-e-title entry-title\">\n\t<a itemprop=\"url\" class=\"qodef-e-title-link\" href=\"https:\/\/observatorios.colef.mx\/osymm\/mujeres-migrantes-en-tapachula-barreras-y-facilitadores-para-el-acceso-a-la-salud-sexual-y-reproductiva-en-2020\/\">\n\t\tMujeres migrantes en Tapachula: barreras y facilitadores para el acceso a la salud sexual y reproductiva en 2020\t<\/a>\n<\/h5>\n\t\t<p itemprop=\"description\" class=\"qodef-e-excerpt\">\n\t\t\tA trav\u00e9s de la mirada de mujeres migrantes, organizaciones de la sociedad civil y organismos internacionales, as\u00ed como de trabajadores de la salud, el estudio muestra las barrera\t\t<\/p>\n\t\t\t\t<\/div>\n\t\t\t\t\t\t\t<div class=\"qodef-e-info qodef-info--bottom\">\n\t\t\t\t\t\t<div class=\"qodef-e-read-more\">\n\t\t<a class=\"qodef-shortcode qodef-m  qodef-qi-button qodef-html--link qodef-layout--textual qodef-type--standard   qodef-icon--right qodef-hover--icon-move-horizontal-short     \" href=\"https:\/\/observatorios.colef.mx\/osymm\/mujeres-migrantes-en-tapachula-barreras-y-facilitadores-para-el-acceso-a-la-salud-sexual-y-reproductiva-en-2020\/\" target=\"_self\">\t<span class=\"qodef-m-text\">Leer mas<\/span>\t<\/a>\t<\/div>\n\t\t\t\t<\/div>\n\t\t\t\t\t<\/div>\n\t<\/div>\n<\/article>\n<article class=\"qodef-e qodef-blog-item qodef-grid-item qodef-item--full post-10925 post type-post status-publish format-standard hentry category-literatura-gris tag-ssr2\">\n\t<div class=\"qodef-e-inner\">\n\t\t<div class=\"qodef-e-media-holder\">\n\t\t\t<div class=\"qodef-e-media\">\n\t<\/div>\n\t\t<\/div>\n\t\t<div class=\"qodef-e-content\">\n\t\t\t\t\t\t<div class=\"qodef-e-text\">\n\t\t\t\t<h5 itemprop=\"name\" class=\"qodef-e-title entry-title\">\n\t<a itemprop=\"url\" class=\"qodef-e-title-link\" href=\"https:\/\/observatorios.colef.mx\/osymm\/mujeres-en-contexto-de-movilidad-sus-dilemas-y-los-retos-para-su-atencion\/\">\n\t\tMujeres en contexto de movilidad sus dilemas y los retos para su atenci\u00f3n\t<\/a>\n<\/h5>\n\t\t<p itemprop=\"description\" class=\"qodef-e-excerpt\">\n\t\t\tLa revista aborda los desaf\u00edos que enfrentan las mujeres en contextos migratorios, centr\u00e1ndose en sus dilemas y los retos para su atenci\u00f3n. Destaca el aumento significativo de s\t\t<\/p>\n\t\t\t\t<\/div>\n\t\t\t\t\t\t\t<div class=\"qodef-e-info qodef-info--bottom\">\n\t\t\t\t\t\t<div class=\"qodef-e-read-more\">\n\t\t<a class=\"qodef-shortcode qodef-m  qodef-qi-button qodef-html--link qodef-layout--textual qodef-type--standard   qodef-icon--right qodef-hover--icon-move-horizontal-short     \" href=\"https:\/\/observatorios.colef.mx\/osymm\/mujeres-en-contexto-de-movilidad-sus-dilemas-y-los-retos-para-su-atencion\/\" target=\"_self\">\t<span class=\"qodef-m-text\">Leer mas<\/span>\t<\/a>\t<\/div>\n\t\t\t\t<\/div>\n\t\t\t\t\t<\/div>\n\t<\/div>\n<\/article>\n\t<\/div>\n\t\t<div class=\"qodef-addons-m-pagination qodef--standard\">\n\t\t<nav class=\"navigation pagination\" role=\"navigation\" aria-label=\"Posts\">\n\t\t\t<h2 class=\"screen-reader-text\">Posts navigation<\/h2>\n\t\t\t<div class=\"nav-links\">\n\t\t\t\t<span aria-current=\"page\" class=\"page-numbers current\">1<\/span>\n<a class=\"page-numbers\" href=\"https:\/\/observatorios.colef.mx\/osymm\/wp-json\/wp\/v2\/pages\/10874\/page\/2\/\">2<\/a>\n<a class=\"next page-numbers\" href=\"https:\/\/observatorios.colef.mx\/osymm\/wp-json\/wp\/v2\/pages\/10874\/page\/2\/\"><svg class=\"qodef-m-pagination-icon\" xmlns=\"http:\/\/www.w3.org\/2000\/svg\" x=\"0px\" y=\"0px\" viewBox=\"0 0 34.2 32.3\" xml:space=\"preserve\" style=\"stroke-width: 2;\"><line x1=\"0\" y1=\"16\" x2=\"33\" y2=\"16\"\/><line x1=\"17.3\" y1=\"0.7\" x2=\"33.2\" y2=\"16.5\"\/><line x1=\"17.3\" y1=\"31.6\" x2=\"33.5\" y2=\"15.4\"\/><\/svg><\/a>\t\t\t<\/div>\n\t\t<\/nav>\n\t<\/div>\n<\/div>\n\t\t\t\t<\/div>\n\t\t\t\t<\/div>\n\t\t\t\t\t<\/div>\n\t\t\t\t<\/div>\n\t\t\t\t<\/div>\n\t\t","protected":false},"excerpt":{"rendered":"<p>Necesidades y Atenci\u00f3n en Salud Sexual y Reproductiva de Mujeres Migrantes en M\u00e9xico. Un estudio desde Ciudad Ju\u00e1rez, Chihuahua. Volumen 2 El estudio retoma las voces de mujeres migrantes en la frontera norte de M\u00e9xico (Ciudad Ju\u00e1rez) y explora sus diversas necesidades de salud sexual y reproductiva durante el tr\u00e1n Leer mas Necesidades y Atenci\u00f3n [&hellip;]<\/p>\n","protected":false},"author":14,"featured_media":0,"parent":0,"menu_order":0,"comment_status":"closed","ping_status":"closed","template":"","meta":{"footnotes":""},"class_list":["post-10874","page","type-page","status-publish","hentry"],"_links":{"self":[{"href":"https:\/\/observatorios.colef.mx\/osymm\/wp-json\/wp\/v2\/pages\/10874","targetHints":{"allow":["GET"]}}],"collection":[{"href":"https:\/\/observatorios.colef.mx\/osymm\/wp-json\/wp\/v2\/pages"}],"about":[{"href":"https:\/\/observatorios.colef.mx\/osymm\/wp-json\/wp\/v2\/types\/page"}],"author":[{"embeddable":true,"href":"https:\/\/observatorios.colef.mx\/osymm\/wp-json\/wp\/v2\/users\/14"}],"replies":[{"embeddable":true,"href":"https:\/\/observatorios.colef.mx\/osymm\/wp-json\/wp\/v2\/comments?post=10874"}],"version-history":[{"count":4,"href":"https:\/\/observatorios.colef.mx\/osymm\/wp-json\/wp\/v2\/pages\/10874\/revisions"}],"predecessor-version":[{"id":10918,"href":"https:\/\/observatorios.colef.mx\/osymm\/wp-json\/wp\/v2\/pages\/10874\/revisions\/10918"}],"wp:attachment":[{"href":"https:\/\/observatorios.colef.mx\/osymm\/wp-json\/wp\/v2\/media?parent=10874"}],"curies":[{"name":"wp","href":"https:\/\/api.w.org\/{rel}","templated":true}]}}