{"id":10871,"date":"2025-05-13T09:55:24","date_gmt":"2025-05-13T16:55:24","guid":{"rendered":"https:\/\/observatorios.colef.mx\/osymm\/?page_id=10871"},"modified":"2025-05-13T10:25:53","modified_gmt":"2025-05-13T17:25:53","slug":"salud-sexual-y-reproductiva","status":"publish","type":"page","link":"https:\/\/observatorios.colef.mx\/osymm\/salud-sexual-y-reproductiva\/","title":{"rendered":"SALUD SEXUAL Y REPRODUCTIVA"},"content":{"rendered":"\t\t<div data-elementor-type=\"wp-page\" data-elementor-id=\"10871\" class=\"elementor elementor-10871\" data-elementor-post-type=\"page\">\n\t\t\t\t<div class=\"elementor-element elementor-element-61c1a96 e-flex e-con-boxed e-con e-parent\" data-id=\"61c1a96\" data-element_type=\"container\">\n\t\t\t\t\t<div class=\"e-con-inner\">\n\t\t\t\t<div class=\"elementor-element elementor-element-fea831d elementor-widget elementor-widget-qi_addons_for_elementor_blog_list\" data-id=\"fea831d\" data-element_type=\"widget\" data-widget_type=\"qi_addons_for_elementor_blog_list.default\">\n\t\t\t\t<div class=\"elementor-widget-container\">\n\t\t\t\t\t<div class=\"qodef-shortcode qodef-m  qodef-addons-blog-list qodef-info-no-icons  qodef-image--hover-zoom   qodef-qi-grid qodef-layout--qi-columns  qodef-col-num--3  qodef-item-layout--boxed qodef-responsive--predefined\" >\n\t<div class=\"qodef-grid-inner\">\n\t\t<article class=\"qodef-e qodef-blog-item qodef-grid-item qodef-item--full post-10898 post type-post status-publish format-standard hentry category-articulos-cientificos tag-ssr\">\n\t<div class=\"qodef-e-inner\">\n\t\t<div class=\"qodef-e-media-holder\">\n\t\t\t<div class=\"qodef-e-media\">\n\t<\/div>\n\t\t<\/div>\n\t\t<div class=\"qodef-e-content\">\n\t\t\t\t\t\t<div class=\"qodef-e-text\">\n\t\t\t\t<h5 itemprop=\"name\" class=\"qodef-e-title entry-title\">\n\t<a itemprop=\"url\" class=\"qodef-e-title-link\" href=\"https:\/\/observatorios.colef.mx\/osymm\/the-sexual-and-reproductive-healthcare-challenges-when-dealing-with-female-migrants-and-refugees-in-low-and-middle-income-countries-a-qualitative-evidence-synthesis\/\">\n\t\tThe sexual and reproductive healthcare  challenges when dealing with female  migrants and refugees in low and middle-  income countries (a qualitative evidence  synthesis)\t<\/a>\n<\/h5>\n\t\t<p itemprop=\"description\" class=\"qodef-e-excerpt\">\n\t\t\tEl estudio analiza los desaf\u00edos en el acceso a la salud sexual y reproductiva (SSR) para mujeres migrantes y refugiadas en pa\u00edses de ingresos bajos y medios, bas\u00e1ndose en una re\t\t<\/p>\n\t\t\t\t<\/div>\n\t\t\t\t\t\t\t<div class=\"qodef-e-info qodef-info--bottom\">\n\t\t\t\t\t\t<div class=\"qodef-e-read-more\">\n\t\t<a class=\"qodef-shortcode qodef-m  qodef-qi-button qodef-html--link qodef-layout--textual qodef-type--standard   qodef-icon--right qodef-hover--icon-move-horizontal-short     \" href=\"https:\/\/observatorios.colef.mx\/osymm\/the-sexual-and-reproductive-healthcare-challenges-when-dealing-with-female-migrants-and-refugees-in-low-and-middle-income-countries-a-qualitative-evidence-synthesis\/\" target=\"_self\">\t<span class=\"qodef-m-text\">Leer mas<\/span>\t<\/a>\t<\/div>\n\t\t\t\t<\/div>\n\t\t\t\t\t<\/div>\n\t<\/div>\n<\/article>\n<article class=\"qodef-e qodef-blog-item qodef-grid-item qodef-item--full post-10887 post type-post status-publish format-standard hentry category-articulos-cientificos tag-ssr\">\n\t<div class=\"qodef-e-inner\">\n\t\t<div class=\"qodef-e-media-holder\">\n\t\t\t<div class=\"qodef-e-media\">\n\t<\/div>\n\t\t<\/div>\n\t\t<div class=\"qodef-e-content\">\n\t\t\t\t\t\t<div class=\"qodef-e-text\">\n\t\t\t\t<h5 itemprop=\"name\" class=\"qodef-e-title entry-title\">\n\t<a itemprop=\"url\" class=\"qodef-e-title-link\" href=\"https:\/\/observatorios.colef.mx\/osymm\/the-paradox-of-choice-in-the-sexual-and-reproductive-health-and-rights-challenges-of-south-south-migrant-girls-and-women-in-central-america-and-mexico-a-scoping-review-of-the-literature\/\">\n\t\tThe paradox of choice in the sexual and reproductive health and rights challenges of south-south migrant girls and women in Central America and Mexico: A scoping review of the literature\t<\/a>\n<\/h5>\n\t\t<p itemprop=\"description\" class=\"qodef-e-excerpt\">\n\t\t\tEsta revisi\u00f3n examina la literatura sobre riesgos, desaf\u00edos y necesidades en salud sexual y reproductiva de mujeres y ni\u00f1as en situaci\u00f3n de desplazamiento, tanto antes como dur\t\t<\/p>\n\t\t\t\t<\/div>\n\t\t\t\t\t\t\t<div class=\"qodef-e-info qodef-info--bottom\">\n\t\t\t\t\t\t<div class=\"qodef-e-read-more\">\n\t\t<a class=\"qodef-shortcode qodef-m  qodef-qi-button qodef-html--link qodef-layout--textual qodef-type--standard   qodef-icon--right qodef-hover--icon-move-horizontal-short     \" href=\"https:\/\/observatorios.colef.mx\/osymm\/the-paradox-of-choice-in-the-sexual-and-reproductive-health-and-rights-challenges-of-south-south-migrant-girls-and-women-in-central-america-and-mexico-a-scoping-review-of-the-literature\/\" target=\"_self\">\t<span class=\"qodef-m-text\">Leer mas<\/span>\t<\/a>\t<\/div>\n\t\t\t\t<\/div>\n\t\t\t\t\t<\/div>\n\t<\/div>\n<\/article>\n<article class=\"qodef-e qodef-blog-item qodef-grid-item qodef-item--full post-10879 post type-post status-publish format-standard hentry category-articulos-cientificos tag-ssr\">\n\t<div class=\"qodef-e-inner\">\n\t\t<div class=\"qodef-e-media-holder\">\n\t\t\t<div class=\"qodef-e-media\">\n\t<\/div>\n\t\t<\/div>\n\t\t<div class=\"qodef-e-content\">\n\t\t\t\t\t\t<div class=\"qodef-e-text\">\n\t\t\t\t<h5 itemprop=\"name\" class=\"qodef-e-title entry-title\">\n\t<a itemprop=\"url\" class=\"qodef-e-title-link\" href=\"https:\/\/observatorios.colef.mx\/osymm\/rape-transactional-sex-and-related-factors-among-migrants-in-transit-through-mexico-to-the-usa\/\">\n\t\tRape, Transactional Sex and Related Factors Among Migrants in Transit Through Mexico to the USA\t<\/a>\n<\/h5>\n\t\t<p itemprop=\"description\" class=\"qodef-e-excerpt\">\n\t\t\tLos migrantes en tr\u00e1nsito por M\u00e9xico hacia Estados Unidos est\u00e1n en riesgo de sufrir violencia, incluyendo violencia sexual, durante el proceso migratorio. Este estudio busc\u00f3 id\t\t<\/p>\n\t\t\t\t<\/div>\n\t\t\t\t\t\t\t<div class=\"qodef-e-info qodef-info--bottom\">\n\t\t\t\t\t\t<div class=\"qodef-e-read-more\">\n\t\t<a class=\"qodef-shortcode qodef-m  qodef-qi-button qodef-html--link qodef-layout--textual qodef-type--standard   qodef-icon--right qodef-hover--icon-move-horizontal-short     \" href=\"https:\/\/observatorios.colef.mx\/osymm\/rape-transactional-sex-and-related-factors-among-migrants-in-transit-through-mexico-to-the-usa\/\" target=\"_self\">\t<span class=\"qodef-m-text\">Leer mas<\/span>\t<\/a>\t<\/div>\n\t\t\t\t<\/div>\n\t\t\t\t\t<\/div>\n\t<\/div>\n<\/article>\n<article class=\"qodef-e qodef-blog-item qodef-grid-item qodef-item--full post-10881 post type-post status-publish format-standard hentry category-articulos-cientificos tag-ssr\">\n\t<div class=\"qodef-e-inner\">\n\t\t<div class=\"qodef-e-media-holder\">\n\t\t\t<div class=\"qodef-e-media\">\n\t<\/div>\n\t\t<\/div>\n\t\t<div class=\"qodef-e-content\">\n\t\t\t\t\t\t<div class=\"qodef-e-text\">\n\t\t\t\t<h5 itemprop=\"name\" class=\"qodef-e-title entry-title\">\n\t<a itemprop=\"url\" class=\"qodef-e-title-link\" href=\"https:\/\/observatorios.colef.mx\/osymm\/quality-of-family-planning-services-in-mexico-the-perspective-of-demand\/\">\n\t\tQuality of family planning services in Mexico: The perspective of demand\t<\/a>\n<\/h5>\n\t\t<p itemprop=\"description\" class=\"qodef-e-excerpt\">\n\t\t\tEste estudio evalu\u00f3 la calidad de los servicios de Planificaci\u00f3n Familiar (PF) proporcionados por la Secretar\u00eda de Salud mediante un enfoque cualitativo, considerando la accesib\t\t<\/p>\n\t\t\t\t<\/div>\n\t\t\t\t\t\t\t<div class=\"qodef-e-info qodef-info--bottom\">\n\t\t\t\t\t\t<div class=\"qodef-e-read-more\">\n\t\t<a class=\"qodef-shortcode qodef-m  qodef-qi-button qodef-html--link qodef-layout--textual qodef-type--standard   qodef-icon--right qodef-hover--icon-move-horizontal-short     \" href=\"https:\/\/observatorios.colef.mx\/osymm\/quality-of-family-planning-services-in-mexico-the-perspective-of-demand\/\" target=\"_self\">\t<span class=\"qodef-m-text\">Leer mas<\/span>\t<\/a>\t<\/div>\n\t\t\t\t<\/div>\n\t\t\t\t\t<\/div>\n\t<\/div>\n<\/article>\n<article class=\"qodef-e qodef-blog-item qodef-grid-item qodef-item--full post-10893 post type-post status-publish format-standard hentry category-articulos-cientificos tag-ssr\">\n\t<div class=\"qodef-e-inner\">\n\t\t<div class=\"qodef-e-media-holder\">\n\t\t\t<div class=\"qodef-e-media\">\n\t<\/div>\n\t\t<\/div>\n\t\t<div class=\"qodef-e-content\">\n\t\t\t\t\t\t<div class=\"qodef-e-text\">\n\t\t\t\t<h5 itemprop=\"name\" class=\"qodef-e-title entry-title\">\n\t<a itemprop=\"url\" class=\"qodef-e-title-link\" href=\"https:\/\/observatorios.colef.mx\/osymm\/mujeres-migrantes-en-transito-por-mexico-la-perspectiva-cuantitativa-y-de-genero\/\">\n\t\tMujeres migrantes en tr\u00e1nsito por M\u00e9xico. La perspectiva cuantitativa y de g\u00e9nero\t<\/a>\n<\/h5>\n\t\t<p itemprop=\"description\" class=\"qodef-e-excerpt\">\n\t\t\tEl estudio analiza la experiencia de las mujeres migrantes centroamericanas en tr\u00e1nsito por M\u00e9xico desde una perspectiva cuantitativa y de g\u00e9nero, utilizando datos de la Encuest\t\t<\/p>\n\t\t\t\t<\/div>\n\t\t\t\t\t\t\t<div class=\"qodef-e-info qodef-info--bottom\">\n\t\t\t\t\t\t<div class=\"qodef-e-read-more\">\n\t\t<a class=\"qodef-shortcode qodef-m  qodef-qi-button qodef-html--link qodef-layout--textual qodef-type--standard   qodef-icon--right qodef-hover--icon-move-horizontal-short     \" href=\"https:\/\/observatorios.colef.mx\/osymm\/mujeres-migrantes-en-transito-por-mexico-la-perspectiva-cuantitativa-y-de-genero\/\" target=\"_self\">\t<span class=\"qodef-m-text\">Leer mas<\/span>\t<\/a>\t<\/div>\n\t\t\t\t<\/div>\n\t\t\t\t\t<\/div>\n\t<\/div>\n<\/article>\n<article class=\"qodef-e qodef-blog-item qodef-grid-item qodef-item--full post-10885 post type-post status-publish format-standard hentry category-articulos-cientificos tag-ssr\">\n\t<div class=\"qodef-e-inner\">\n\t\t<div class=\"qodef-e-media-holder\">\n\t\t\t<div class=\"qodef-e-media\">\n\t<\/div>\n\t\t<\/div>\n\t\t<div class=\"qodef-e-content\">\n\t\t\t\t\t\t<div class=\"qodef-e-text\">\n\t\t\t\t<h5 itemprop=\"name\" class=\"qodef-e-title entry-title\">\n\t<a itemprop=\"url\" class=\"qodef-e-title-link\" href=\"https:\/\/observatorios.colef.mx\/osymm\/migration-and-contraception-among-mexican-women-assessing-selection-disruption-and-adaptation\/\">\n\t\tMigration and Contraception among Mexican Women: Assessing Selection, Disruption, and Adaptation\t<\/a>\n<\/h5>\n\t\t<p itemprop=\"description\" class=\"qodef-e-excerpt\">\n\t\t\tEste estudio utiliza datos de encuestas binacionales recopiladas en 2006\/7 para analizar c\u00f3mo la selecci\u00f3n, disrupci\u00f3n y adaptaci\u00f3n afectan el uso de anticonceptivos entre las\t\t<\/p>\n\t\t\t\t<\/div>\n\t\t\t\t\t\t\t<div class=\"qodef-e-info qodef-info--bottom\">\n\t\t\t\t\t\t<div class=\"qodef-e-read-more\">\n\t\t<a class=\"qodef-shortcode qodef-m  qodef-qi-button qodef-html--link qodef-layout--textual qodef-type--standard   qodef-icon--right qodef-hover--icon-move-horizontal-short     \" href=\"https:\/\/observatorios.colef.mx\/osymm\/migration-and-contraception-among-mexican-women-assessing-selection-disruption-and-adaptation\/\" target=\"_self\">\t<span class=\"qodef-m-text\">Leer mas<\/span>\t<\/a>\t<\/div>\n\t\t\t\t<\/div>\n\t\t\t\t\t<\/div>\n\t<\/div>\n<\/article>\n<article class=\"qodef-e qodef-blog-item qodef-grid-item qodef-item--full post-10891 post type-post status-publish format-standard hentry category-articulos-cientificos tag-ssr\">\n\t<div class=\"qodef-e-inner\">\n\t\t<div class=\"qodef-e-media-holder\">\n\t\t\t<div class=\"qodef-e-media\">\n\t<\/div>\n\t\t<\/div>\n\t\t<div class=\"qodef-e-content\">\n\t\t\t\t\t\t<div class=\"qodef-e-text\">\n\t\t\t\t<h5 itemprop=\"name\" class=\"qodef-e-title entry-title\">\n\t<a itemprop=\"url\" class=\"qodef-e-title-link\" href=\"https:\/\/observatorios.colef.mx\/osymm\/intersections-between-gender-approaches-migration-and-health-in-latin-america-and-the-caribbean-a-discussion-based-on-a-scoping-review\/\">\n\t\tIntersections between gender approaches, migration and  health in Latin America and the Caribbean: a discussion based  on a scoping review\t<\/a>\n<\/h5>\n\t\t<p itemprop=\"description\" class=\"qodef-e-excerpt\">\n\t\t\tEl art\u00edculo explora la intersecci\u00f3n entre enfoques de g\u00e9nero, migraci\u00f3n y salud en Am\u00e9rica Latina y el Caribe (ALC), bas\u00e1ndose en una revisi\u00f3n de alcance de literatura cient\t\t<\/p>\n\t\t\t\t<\/div>\n\t\t\t\t\t\t\t<div class=\"qodef-e-info qodef-info--bottom\">\n\t\t\t\t\t\t<div class=\"qodef-e-read-more\">\n\t\t<a class=\"qodef-shortcode qodef-m  qodef-qi-button qodef-html--link qodef-layout--textual qodef-type--standard   qodef-icon--right qodef-hover--icon-move-horizontal-short     \" href=\"https:\/\/observatorios.colef.mx\/osymm\/intersections-between-gender-approaches-migration-and-health-in-latin-america-and-the-caribbean-a-discussion-based-on-a-scoping-review\/\" target=\"_self\">\t<span class=\"qodef-m-text\">Leer mas<\/span>\t<\/a>\t<\/div>\n\t\t\t\t<\/div>\n\t\t\t\t\t<\/div>\n\t<\/div>\n<\/article>\n<article class=\"qodef-e qodef-blog-item qodef-grid-item qodef-item--full post-10889 post type-post status-publish format-standard hentry category-articulos-cientificos tag-ssr\">\n\t<div class=\"qodef-e-inner\">\n\t\t<div class=\"qodef-e-media-holder\">\n\t\t\t<div class=\"qodef-e-media\">\n\t<\/div>\n\t\t<\/div>\n\t\t<div class=\"qodef-e-content\">\n\t\t\t\t\t\t<div class=\"qodef-e-text\">\n\t\t\t\t<h5 itemprop=\"name\" class=\"qodef-e-title entry-title\">\n\t<a itemprop=\"url\" class=\"qodef-e-title-link\" href=\"https:\/\/observatorios.colef.mx\/osymm\/dinamica-de-movilidad-y-salud-de-mujeres-migrantes-en-mexico-en-el-contexto-de-la-pandemia-covid-19-2021-2022-autores-as\/\">\n\t\tDin\u00e1mica de movilidad y salud de mujeres migrantes en M\u00e9xico, en el contexto de la pandemia Covid-19, 2021-2022 Autores\/as\t<\/a>\n<\/h5>\n\t\t<p itemprop=\"description\" class=\"qodef-e-excerpt\">\n\t\t\tEl objetivo de este estudio fue analizar los factores sociodemogr\u00e1ficos, la din\u00e1mica de movilidad, los problemas de salud y la utilizaci\u00f3n de servicios de salud por mujeres migr\t\t<\/p>\n\t\t\t\t<\/div>\n\t\t\t\t\t\t\t<div class=\"qodef-e-info qodef-info--bottom\">\n\t\t\t\t\t\t<div class=\"qodef-e-read-more\">\n\t\t<a class=\"qodef-shortcode qodef-m  qodef-qi-button qodef-html--link qodef-layout--textual qodef-type--standard   qodef-icon--right qodef-hover--icon-move-horizontal-short     \" href=\"https:\/\/observatorios.colef.mx\/osymm\/dinamica-de-movilidad-y-salud-de-mujeres-migrantes-en-mexico-en-el-contexto-de-la-pandemia-covid-19-2021-2022-autores-as\/\" target=\"_self\">\t<span class=\"qodef-m-text\">Leer mas<\/span>\t<\/a>\t<\/div>\n\t\t\t\t<\/div>\n\t\t\t\t\t<\/div>\n\t<\/div>\n<\/article>\n<article class=\"qodef-e qodef-blog-item qodef-grid-item qodef-item--full post-10900 post type-post status-publish format-standard hentry category-articulos-cientificos tag-ssr\">\n\t<div class=\"qodef-e-inner\">\n\t\t<div class=\"qodef-e-media-holder\">\n\t\t\t<div class=\"qodef-e-media\">\n\t<\/div>\n\t\t<\/div>\n\t\t<div class=\"qodef-e-content\">\n\t\t\t\t\t\t<div class=\"qodef-e-text\">\n\t\t\t\t<h5 itemprop=\"name\" class=\"qodef-e-title entry-title\">\n\t<a itemprop=\"url\" class=\"qodef-e-title-link\" href=\"https:\/\/observatorios.colef.mx\/osymm\/determinants-of-access-to-sexual-and-reproductive-health-for-adolescent-girls-in-vulnerable-situations-in-latin-america\/\">\n\t\tDeterminants of Access to Sexual and Reproductive Health for  Adolescent Girls in Vulnerable Situations in Latin America\t<\/a>\n<\/h5>\n\t\t<p itemprop=\"description\" class=\"qodef-e-excerpt\">\n\t\t\tEste estudio analiza los determinantes del acceso a la salud sexual y reproductiva (SSR) para adolescentes mujeres (\u226419 a\u00f1os) en situaciones vulnerables en pa\u00edses latinoamerica\t\t<\/p>\n\t\t\t\t<\/div>\n\t\t\t\t\t\t\t<div class=\"qodef-e-info qodef-info--bottom\">\n\t\t\t\t\t\t<div class=\"qodef-e-read-more\">\n\t\t<a class=\"qodef-shortcode qodef-m  qodef-qi-button qodef-html--link qodef-layout--textual qodef-type--standard   qodef-icon--right qodef-hover--icon-move-horizontal-short     \" href=\"https:\/\/observatorios.colef.mx\/osymm\/determinants-of-access-to-sexual-and-reproductive-health-for-adolescent-girls-in-vulnerable-situations-in-latin-america\/\" target=\"_self\">\t<span class=\"qodef-m-text\">Leer mas<\/span>\t<\/a>\t<\/div>\n\t\t\t\t<\/div>\n\t\t\t\t\t<\/div>\n\t<\/div>\n<\/article>\n\t<\/div>\n\t\t<div class=\"qodef-addons-m-pagination qodef--standard\">\n\t\t<nav class=\"navigation pagination\" role=\"navigation\" aria-label=\"Posts\">\n\t\t\t<h2 class=\"screen-reader-text\">Posts navigation<\/h2>\n\t\t\t<div class=\"nav-links\">\n\t\t\t\t<span aria-current=\"page\" class=\"page-numbers current\">1<\/span>\n<a class=\"page-numbers\" href=\"https:\/\/observatorios.colef.mx\/osymm\/wp-json\/wp\/v2\/pages\/10871\/page\/2\/\">2<\/a>\n<a class=\"next page-numbers\" href=\"https:\/\/observatorios.colef.mx\/osymm\/wp-json\/wp\/v2\/pages\/10871\/page\/2\/\"><svg class=\"qodef-m-pagination-icon\" xmlns=\"http:\/\/www.w3.org\/2000\/svg\" x=\"0px\" y=\"0px\" viewBox=\"0 0 34.2 32.3\" xml:space=\"preserve\" style=\"stroke-width: 2;\"><line x1=\"0\" y1=\"16\" x2=\"33\" y2=\"16\"\/><line x1=\"17.3\" y1=\"0.7\" x2=\"33.2\" y2=\"16.5\"\/><line x1=\"17.3\" y1=\"31.6\" x2=\"33.5\" y2=\"15.4\"\/><\/svg><\/a>\t\t\t<\/div>\n\t\t<\/nav>\n\t<\/div>\n<\/div>\n\t\t\t\t<\/div>\n\t\t\t\t<\/div>\n\t\t\t\t\t<\/div>\n\t\t\t\t<\/div>\n\t\t\t\t<\/div>\n\t\t","protected":false},"excerpt":{"rendered":"<p>The sexual and reproductive healthcare challenges when dealing with female migrants and refugees in low and middle- income countries (a qualitative evidence synthesis) El estudio analiza los desaf\u00edos en el acceso a la salud sexual y reproductiva (SSR) para mujeres migrantes y refugiadas en pa\u00edses de ingresos bajos y medios, bas\u00e1ndose en una re Leer [&hellip;]<\/p>\n","protected":false},"author":14,"featured_media":0,"parent":0,"menu_order":0,"comment_status":"closed","ping_status":"closed","template":"","meta":{"footnotes":""},"class_list":["post-10871","page","type-page","status-publish","hentry"],"_links":{"self":[{"href":"https:\/\/observatorios.colef.mx\/osymm\/wp-json\/wp\/v2\/pages\/10871","targetHints":{"allow":["GET"]}}],"collection":[{"href":"https:\/\/observatorios.colef.mx\/osymm\/wp-json\/wp\/v2\/pages"}],"about":[{"href":"https:\/\/observatorios.colef.mx\/osymm\/wp-json\/wp\/v2\/types\/page"}],"author":[{"embeddable":true,"href":"https:\/\/observatorios.colef.mx\/osymm\/wp-json\/wp\/v2\/users\/14"}],"replies":[{"embeddable":true,"href":"https:\/\/observatorios.colef.mx\/osymm\/wp-json\/wp\/v2\/comments?post=10871"}],"version-history":[{"count":6,"href":"https:\/\/observatorios.colef.mx\/osymm\/wp-json\/wp\/v2\/pages\/10871\/revisions"}],"predecessor-version":[{"id":11877,"href":"https:\/\/observatorios.colef.mx\/osymm\/wp-json\/wp\/v2\/pages\/10871\/revisions\/11877"}],"wp:attachment":[{"href":"https:\/\/observatorios.colef.mx\/osymm\/wp-json\/wp\/v2\/media?parent=10871"}],"curies":[{"name":"wp","href":"https:\/\/api.w.org\/{rel}","templated":true}]}}