{"id":10652,"date":"2025-03-19T16:18:57","date_gmt":"2025-03-19T23:18:57","guid":{"rendered":"https:\/\/observatorios.colef.mx\/osymm\/?page_id=10652"},"modified":"2025-04-07T15:02:22","modified_gmt":"2025-04-07T22:02:22","slug":"transito","status":"publish","type":"page","link":"https:\/\/observatorios.colef.mx\/osymm\/transito\/","title":{"rendered":"PERSONAS EN SITUACION DE TRANSITO"},"content":{"rendered":"\t\t<div data-elementor-type=\"wp-page\" data-elementor-id=\"10652\" class=\"elementor elementor-10652\" data-elementor-post-type=\"page\">\n\t\t\t\t<div class=\"elementor-element elementor-element-61c1a96 e-flex e-con-boxed e-con e-parent\" data-id=\"61c1a96\" data-element_type=\"container\">\n\t\t\t\t\t<div class=\"e-con-inner\">\n\t\t\t\t<div class=\"elementor-element elementor-element-fea831d elementor-widget elementor-widget-qi_addons_for_elementor_blog_list\" data-id=\"fea831d\" data-element_type=\"widget\" data-widget_type=\"qi_addons_for_elementor_blog_list.default\">\n\t\t\t\t<div class=\"elementor-widget-container\">\n\t\t\t\t\t<div class=\"qodef-shortcode qodef-m  qodef-addons-blog-list qodef-info-no-icons  qodef-image--hover-zoom   qodef-qi-grid qodef-layout--qi-columns  qodef-col-num--3  qodef-item-layout--boxed qodef-responsive--predefined\" >\n\t<div class=\"qodef-grid-inner\">\n\t\t<article class=\"qodef-e qodef-blog-item qodef-grid-item qodef-item--full post-9820 post type-post status-publish format-standard hentry category-articulos-cientificos tag-personas-en-transito\">\n\t<div class=\"qodef-e-inner\">\n\t\t<div class=\"qodef-e-media-holder\">\n\t\t\t<div class=\"qodef-e-media\">\n\t<\/div>\n\t\t<\/div>\n\t\t<div class=\"qodef-e-content\">\n\t\t\t\t\t\t<div class=\"qodef-e-text\">\n\t\t\t\t<h5 itemprop=\"name\" class=\"qodef-e-title entry-title\">\n\t<a itemprop=\"url\" class=\"qodef-e-title-link\" href=\"https:\/\/observatorios.colef.mx\/osymm\/obesidad-diabetes-e-hipertension-en-migrantes-en-transito\/\">\n\t\tObesidad, diabetes e hipertensi\u00f3n en migrantes en tr\u00e1nsito\t<\/a>\n<\/h5>\n\t\t<p itemprop=\"description\" class=\"qodef-e-excerpt\">\n\t\t\tEn un estudio sobre personas migrantes en un albergue en el noreste de M\u00e9xico se encontr\u00f3 una prevalencia de sobrepeso\/obesidad de 39.6 %, 4.6 % niveles elevados de az\u00facar en sa\t\t<\/p>\n\t\t\t\t<\/div>\n\t\t\t\t\t\t\t<div class=\"qodef-e-info qodef-info--bottom\">\n\t\t\t\t\t\t<div class=\"qodef-e-read-more\">\n\t\t<a class=\"qodef-shortcode qodef-m  qodef-qi-button qodef-html--link qodef-layout--textual qodef-type--standard   qodef-icon--right qodef-hover--icon-move-horizontal-short     \" href=\"https:\/\/observatorios.colef.mx\/osymm\/obesidad-diabetes-e-hipertension-en-migrantes-en-transito\/\" target=\"_self\">\t<span class=\"qodef-m-text\">Leer mas<\/span>\t<\/a>\t<\/div>\n\t\t\t\t<\/div>\n\t\t\t\t\t<\/div>\n\t<\/div>\n<\/article>\n<article class=\"qodef-e qodef-blog-item qodef-grid-item qodef-item--full post-9812 post type-post status-publish format-standard hentry category-articulos-cientificos tag-personas-en-transito\">\n\t<div class=\"qodef-e-inner\">\n\t\t<div class=\"qodef-e-media-holder\">\n\t\t\t<div class=\"qodef-e-media\">\n\t<\/div>\n\t\t<\/div>\n\t\t<div class=\"qodef-e-content\">\n\t\t\t\t\t\t<div class=\"qodef-e-text\">\n\t\t\t\t<h5 itemprop=\"name\" class=\"qodef-e-title entry-title\">\n\t<a itemprop=\"url\" class=\"qodef-e-title-link\" href=\"https:\/\/observatorios.colef.mx\/osymm\/numero-especial-sobre-migracion-y-salud-en-mexico-revista-spm\/\">\n\t\tN\u00famero especial sobre migraci\u00f3n y salud en M\u00e9xico, Revista SPM\t<\/a>\n<\/h5>\n\t\t<p itemprop=\"description\" class=\"qodef-e-excerpt\">\n\t\t\tLa pandemia de COVID-19 tuvo consecuencias importantes sobre la salud de las personas migrantes. En este n\u00famero especial de la Revista Salud P\u00fablica de M\u00e9xico se abordan temas c\t\t<\/p>\n\t\t\t\t<\/div>\n\t\t\t\t\t\t\t<div class=\"qodef-e-info qodef-info--bottom\">\n\t\t\t\t\t\t<div class=\"qodef-e-read-more\">\n\t\t<a class=\"qodef-shortcode qodef-m  qodef-qi-button qodef-html--link qodef-layout--textual qodef-type--standard   qodef-icon--right qodef-hover--icon-move-horizontal-short     \" href=\"https:\/\/observatorios.colef.mx\/osymm\/numero-especial-sobre-migracion-y-salud-en-mexico-revista-spm\/\" target=\"_self\">\t<span class=\"qodef-m-text\">Leer mas<\/span>\t<\/a>\t<\/div>\n\t\t\t\t<\/div>\n\t\t\t\t\t<\/div>\n\t<\/div>\n<\/article>\n<article class=\"qodef-e qodef-blog-item qodef-grid-item qodef-item--full post-9657 post type-post status-publish format-standard hentry category-articulos-cientificos tag-personas-en-transito\">\n\t<div class=\"qodef-e-inner\">\n\t\t<div class=\"qodef-e-media-holder\">\n\t\t\t<div class=\"qodef-e-media\">\n\t<\/div>\n\t\t<\/div>\n\t\t<div class=\"qodef-e-content\">\n\t\t\t\t\t\t<div class=\"qodef-e-text\">\n\t\t\t\t<h5 itemprop=\"name\" class=\"qodef-e-title entry-title\">\n\t<a itemprop=\"url\" class=\"qodef-e-title-link\" href=\"https:\/\/observatorios.colef.mx\/osymm\/migrants-on-the-move-and-food-insecurity-a-call-for-research\/\">\n\t\tMigrants on the Move and Food (In)security: A Call for Researchpersonas-en-transito\t<\/a>\n<\/h5>\n\t\t<p itemprop=\"description\" class=\"qodef-e-excerpt\">\n\t\t\tEn este art\u00edculo, se presenta un estado del conocimiento acerca de la inseguridad alimentaria en personas migrantes en tr\u00e1nsito, las dificultades metodol\u00f3gicas para el abordaje\t\t<\/p>\n\t\t\t\t<\/div>\n\t\t\t\t\t\t\t<div class=\"qodef-e-info qodef-info--bottom\">\n\t\t\t\t\t\t<div class=\"qodef-e-read-more\">\n\t\t<a class=\"qodef-shortcode qodef-m  qodef-qi-button qodef-html--link qodef-layout--textual qodef-type--standard   qodef-icon--right qodef-hover--icon-move-horizontal-short     \" href=\"https:\/\/observatorios.colef.mx\/osymm\/migrants-on-the-move-and-food-insecurity-a-call-for-research\/\" target=\"_self\">\t<span class=\"qodef-m-text\">Leer mas<\/span>\t<\/a>\t<\/div>\n\t\t\t\t<\/div>\n\t\t\t\t\t<\/div>\n\t<\/div>\n<\/article>\n<article class=\"qodef-e qodef-blog-item qodef-grid-item qodef-item--full post-9655 post type-post status-publish format-standard hentry category-articulos-cientificos tag-personas-en-transito\">\n\t<div class=\"qodef-e-inner\">\n\t\t<div class=\"qodef-e-media-holder\">\n\t\t\t<div class=\"qodef-e-media\">\n\t<\/div>\n\t\t<\/div>\n\t\t<div class=\"qodef-e-content\">\n\t\t\t\t\t\t<div class=\"qodef-e-text\">\n\t\t\t\t<h5 itemprop=\"name\" class=\"qodef-e-title entry-title\">\n\t<a itemprop=\"url\" class=\"qodef-e-title-link\" href=\"https:\/\/observatorios.colef.mx\/osymm\/migrant-shelters-response-to-covid-19-comparative-case-study-in-four-cities-close-to-the-mexico-united-states-border\/\">\n\t\tMigrant shelters\u2019 response to COVID-19: Comparative case study in four cities close to the Mexico-United States border\t<\/a>\n<\/h5>\n\t\t<p itemprop=\"description\" class=\"qodef-e-excerpt\">\n\t\t\tEn el contexto de una contingencia sanitaria como la actual pandemia de COVID-19, algunos grupos pueden permanecer invisibles, por lo que sus necesidades de salud pasan desapercibi\t\t<\/p>\n\t\t\t\t<\/div>\n\t\t\t\t\t\t\t<div class=\"qodef-e-info qodef-info--bottom\">\n\t\t\t\t\t\t<div class=\"qodef-e-read-more\">\n\t\t<a class=\"qodef-shortcode qodef-m  qodef-qi-button qodef-html--link qodef-layout--textual qodef-type--standard   qodef-icon--right qodef-hover--icon-move-horizontal-short     \" href=\"https:\/\/observatorios.colef.mx\/osymm\/migrant-shelters-response-to-covid-19-comparative-case-study-in-four-cities-close-to-the-mexico-united-states-border\/\" target=\"_self\">\t<span class=\"qodef-m-text\">Leer mas<\/span>\t<\/a>\t<\/div>\n\t\t\t\t<\/div>\n\t\t\t\t\t<\/div>\n\t<\/div>\n<\/article>\n<article class=\"qodef-e qodef-blog-item qodef-grid-item qodef-item--full post-9652 post type-post status-publish format-standard hentry category-articulos-cientificos tag-personas-en-transito\">\n\t<div class=\"qodef-e-inner\">\n\t\t<div class=\"qodef-e-media-holder\">\n\t\t\t<div class=\"qodef-e-media\">\n\t<\/div>\n\t\t<\/div>\n\t\t<div class=\"qodef-e-content\">\n\t\t\t\t\t\t<div class=\"qodef-e-text\">\n\t\t\t\t<h5 itemprop=\"name\" class=\"qodef-e-title entry-title\">\n\t<a itemprop=\"url\" class=\"qodef-e-title-link\" href=\"https:\/\/observatorios.colef.mx\/osymm\/determinants-of-covid-19-vaccine-acceptance-and-uptake-in-a-transborder-population-at-the-mexico-guatemala-border\/\">\n\t\tDeterminants of COVID-19 Vaccine Acceptance and Uptake in a Transborder Population at the Mexico-Guatemala Border\t<\/a>\n<\/h5>\n\t\t<p itemprop=\"description\" class=\"qodef-e-excerpt\">\n\t\t\tEvaluar la aceptaci\u00f3n de la vacunaci\u00f3n contra la COVID-19 en las poblaciones transfronterizas es fundamental para fundamentar las pol\u00edticas de salud p\u00fablica. Realizamos una enc\t\t<\/p>\n\t\t\t\t<\/div>\n\t\t\t\t\t\t\t<div class=\"qodef-e-info qodef-info--bottom\">\n\t\t\t\t\t\t<div class=\"qodef-e-read-more\">\n\t\t<a class=\"qodef-shortcode qodef-m  qodef-qi-button qodef-html--link qodef-layout--textual qodef-type--standard   qodef-icon--right qodef-hover--icon-move-horizontal-short     \" href=\"https:\/\/observatorios.colef.mx\/osymm\/determinants-of-covid-19-vaccine-acceptance-and-uptake-in-a-transborder-population-at-the-mexico-guatemala-border\/\" target=\"_self\">\t<span class=\"qodef-m-text\">Leer mas<\/span>\t<\/a>\t<\/div>\n\t\t\t\t<\/div>\n\t\t\t\t\t<\/div>\n\t<\/div>\n<\/article>\n<article class=\"qodef-e qodef-blog-item qodef-grid-item qodef-item--full post-9650 post type-post status-publish format-standard hentry category-articulos-cientificos tag-personas-en-transito\">\n\t<div class=\"qodef-e-inner\">\n\t\t<div class=\"qodef-e-media-holder\">\n\t\t\t<div class=\"qodef-e-media\">\n\t<\/div>\n\t\t<\/div>\n\t\t<div class=\"qodef-e-content\">\n\t\t\t\t\t\t<div class=\"qodef-e-text\">\n\t\t\t\t<h5 itemprop=\"name\" class=\"qodef-e-title entry-title\">\n\t<a itemprop=\"url\" class=\"qodef-e-title-link\" href=\"https:\/\/observatorios.colef.mx\/osymm\/cross-border-use-of-health-services-an-exploratory-mixed-methods-project-at-the-mexico-guatemala-border\/\">\n\t\tCross-border use of health services: An  exploratory mixed-methods project at the  Mexico-Guatemala border\t<\/a>\n<\/h5>\n\t\t<p itemprop=\"description\" class=\"qodef-e-excerpt\">\n\t\t\tEl uso transfronterizo de los servicios de salud se ha estudiado principalmente como viajes desde pa\u00edses de ingresos altos a pa\u00edses de ingresos bajos y medios (\u201cturismo m\u00e9dico\t\t<\/p>\n\t\t\t\t<\/div>\n\t\t\t\t\t\t\t<div class=\"qodef-e-info qodef-info--bottom\">\n\t\t\t\t\t\t<div class=\"qodef-e-read-more\">\n\t\t<a class=\"qodef-shortcode qodef-m  qodef-qi-button qodef-html--link qodef-layout--textual qodef-type--standard   qodef-icon--right qodef-hover--icon-move-horizontal-short     \" href=\"https:\/\/observatorios.colef.mx\/osymm\/cross-border-use-of-health-services-an-exploratory-mixed-methods-project-at-the-mexico-guatemala-border\/\" target=\"_self\">\t<span class=\"qodef-m-text\">Leer mas<\/span>\t<\/a>\t<\/div>\n\t\t\t\t<\/div>\n\t\t\t\t\t<\/div>\n\t<\/div>\n<\/article>\n<article class=\"qodef-e qodef-blog-item qodef-grid-item qodef-item--full post-9647 post type-post status-publish format-standard hentry category-articulos-cientificos tag-personas-en-transito\">\n\t<div class=\"qodef-e-inner\">\n\t\t<div class=\"qodef-e-media-holder\">\n\t\t\t<div class=\"qodef-e-media\">\n\t<\/div>\n\t\t<\/div>\n\t\t<div class=\"qodef-e-content\">\n\t\t\t\t\t\t<div class=\"qodef-e-text\">\n\t\t\t\t<h5 itemprop=\"name\" class=\"qodef-e-title entry-title\">\n\t<a itemprop=\"url\" class=\"qodef-e-title-link\" href=\"https:\/\/observatorios.colef.mx\/osymm\/atencion-en-salud-de-covid-19-para-migrantes-en-mexico-analisis-desde-la-problematizacion-de-la-politica-publica\/\">\n\t\tAtenci\u00f3n en salud de Covid-19 para migrantes en M\u00e9xico: an\u00e1lisis desde la problematizaci\u00f3n de la pol\u00edtica p\u00fablica\t<\/a>\n<\/h5>\n\t\t<p itemprop=\"description\" class=\"qodef-e-excerpt\">\n\t\t\t\t\t<\/p>\n\t\t\t\t<\/div>\n\t\t\t\t\t\t\t<div class=\"qodef-e-info qodef-info--bottom\">\n\t\t\t\t\t\t<div class=\"qodef-e-read-more\">\n\t\t<a class=\"qodef-shortcode qodef-m  qodef-qi-button qodef-html--link qodef-layout--textual qodef-type--standard   qodef-icon--right qodef-hover--icon-move-horizontal-short     \" href=\"https:\/\/observatorios.colef.mx\/osymm\/atencion-en-salud-de-covid-19-para-migrantes-en-mexico-analisis-desde-la-problematizacion-de-la-politica-publica\/\" target=\"_self\">\t<span class=\"qodef-m-text\">Leer mas<\/span>\t<\/a>\t<\/div>\n\t\t\t\t<\/div>\n\t\t\t\t\t<\/div>\n\t<\/div>\n<\/article>\n<article class=\"qodef-e qodef-blog-item qodef-grid-item qodef-item--full post-9640 post type-post status-publish format-standard hentry category-articulos-cientificos tag-personas-en-transito\">\n\t<div class=\"qodef-e-inner\">\n\t\t<div class=\"qodef-e-media-holder\">\n\t\t\t<div class=\"qodef-e-media\">\n\t<\/div>\n\t\t<\/div>\n\t\t<div class=\"qodef-e-content\">\n\t\t\t\t\t\t<div class=\"qodef-e-text\">\n\t\t\t\t<h5 itemprop=\"name\" class=\"qodef-e-title entry-title\">\n\t<a itemprop=\"url\" class=\"qodef-e-title-link\" href=\"https:\/\/observatorios.colef.mx\/osymm\/access-to-health-care-for-migrants-along-the-mexico-united-states-border-applying-a-framework-to-assess-barriers-to-care-in-mexico\/\">\n\t\tAccess to Health Care for Migrants Along the Mexico-United States Border: Applying a Framework to Assess Barriers to Care in Mexico\t<\/a>\n<\/h5>\n\t\t<p itemprop=\"description\" class=\"qodef-e-excerpt\">\n\t\t\tLas personas migrantes en M\u00e9xico tienen derecho a recibir atenci\u00f3n en todos los niveles, independientemente de su estatus migratorio. Sin embargo, estudios previos muestran que e\t\t<\/p>\n\t\t\t\t<\/div>\n\t\t\t\t\t\t\t<div class=\"qodef-e-info qodef-info--bottom\">\n\t\t\t\t\t\t<div class=\"qodef-e-read-more\">\n\t\t<a class=\"qodef-shortcode qodef-m  qodef-qi-button qodef-html--link qodef-layout--textual qodef-type--standard   qodef-icon--right qodef-hover--icon-move-horizontal-short     \" href=\"https:\/\/observatorios.colef.mx\/osymm\/access-to-health-care-for-migrants-along-the-mexico-united-states-border-applying-a-framework-to-assess-barriers-to-care-in-mexico\/\" target=\"_self\">\t<span class=\"qodef-m-text\">Leer mas<\/span>\t<\/a>\t<\/div>\n\t\t\t\t<\/div>\n\t\t\t\t\t<\/div>\n\t<\/div>\n<\/article>\n<article class=\"qodef-e qodef-blog-item qodef-grid-item qodef-item--full post-9645 post type-post status-publish format-standard hentry category-articulos-cientificos tag-personas-en-transito\">\n\t<div class=\"qodef-e-inner\">\n\t\t<div class=\"qodef-e-media-holder\">\n\t\t\t<div class=\"qodef-e-media\">\n\t<\/div>\n\t\t<\/div>\n\t\t<div class=\"qodef-e-content\">\n\t\t\t\t\t\t<div class=\"qodef-e-text\">\n\t\t\t\t<h5 itemprop=\"name\" class=\"qodef-e-title entry-title\">\n\t<a itemprop=\"url\" class=\"qodef-e-title-link\" href=\"https:\/\/observatorios.colef.mx\/osymm\/a-characterization-of-cross-border-use-of-health-services-in-a-transborder-population-at-the-mexico-guatemala-border\/\">\n\t\tA characterization of cross-border use of health services in a transborder population at the Mexico-Guatemala border\t<\/a>\n<\/h5>\n\t\t<p itemprop=\"description\" class=\"qodef-e-excerpt\">\n\t\t\tEl uso transfronterizo de los servicios de salud es un aspecto importante de la vida en las regiones fronterizas. Se sabe poco sobre el uso transfronterizo de los servicios de salu\t\t<\/p>\n\t\t\t\t<\/div>\n\t\t\t\t\t\t\t<div class=\"qodef-e-info qodef-info--bottom\">\n\t\t\t\t\t\t<div class=\"qodef-e-read-more\">\n\t\t<a class=\"qodef-shortcode qodef-m  qodef-qi-button qodef-html--link qodef-layout--textual qodef-type--standard   qodef-icon--right qodef-hover--icon-move-horizontal-short     \" href=\"https:\/\/observatorios.colef.mx\/osymm\/a-characterization-of-cross-border-use-of-health-services-in-a-transborder-population-at-the-mexico-guatemala-border\/\" target=\"_self\">\t<span class=\"qodef-m-text\">Leer mas<\/span>\t<\/a>\t<\/div>\n\t\t\t\t<\/div>\n\t\t\t\t\t<\/div>\n\t<\/div>\n<\/article>\n\t<\/div>\n\t<\/div>\n\t\t\t\t<\/div>\n\t\t\t\t<\/div>\n\t\t\t\t\t<\/div>\n\t\t\t\t<\/div>\n\t\t\t\t<\/div>\n\t\t","protected":false},"excerpt":{"rendered":"<p>Obesidad, diabetes e hipertensi\u00f3n en migrantes en tr\u00e1nsito En un estudio con personas migrantes en un albergue en el noreste de M\u00e9xico, se encontr\u00f3 una prevalencia de sobrepeso\/obesidad de 39.6%, 4.6% niveles elevados de az\u00facar en sangr Leer mas N\u00famero especial sobre migraci\u00f3n y salud en M\u00e9xico, Revista SPM La pandemia de COVID-19 tuvo consecuencias [&hellip;]<\/p>\n","protected":false},"author":14,"featured_media":0,"parent":0,"menu_order":0,"comment_status":"closed","ping_status":"closed","template":"","meta":{"footnotes":""},"class_list":["post-10652","page","type-page","status-publish","hentry"],"_links":{"self":[{"href":"https:\/\/observatorios.colef.mx\/osymm\/wp-json\/wp\/v2\/pages\/10652","targetHints":{"allow":["GET"]}}],"collection":[{"href":"https:\/\/observatorios.colef.mx\/osymm\/wp-json\/wp\/v2\/pages"}],"about":[{"href":"https:\/\/observatorios.colef.mx\/osymm\/wp-json\/wp\/v2\/types\/page"}],"author":[{"embeddable":true,"href":"https:\/\/observatorios.colef.mx\/osymm\/wp-json\/wp\/v2\/users\/14"}],"replies":[{"embeddable":true,"href":"https:\/\/observatorios.colef.mx\/osymm\/wp-json\/wp\/v2\/comments?post=10652"}],"version-history":[{"count":5,"href":"https:\/\/observatorios.colef.mx\/osymm\/wp-json\/wp\/v2\/pages\/10652\/revisions"}],"predecessor-version":[{"id":11668,"href":"https:\/\/observatorios.colef.mx\/osymm\/wp-json\/wp\/v2\/pages\/10652\/revisions\/11668"}],"wp:attachment":[{"href":"https:\/\/observatorios.colef.mx\/osymm\/wp-json\/wp\/v2\/media?parent=10652"}],"curies":[{"name":"wp","href":"https:\/\/api.w.org\/{rel}","templated":true}]}}