{"id":14568,"date":"2025-04-10T16:03:16","date_gmt":"2025-04-10T23:03:16","guid":{"rendered":"https:\/\/observatorios.colef.mx\/opomidh\/?page_id=14568"},"modified":"2025-04-10T16:10:09","modified_gmt":"2025-04-10T23:10:09","slug":"criterios-para-colaboraciones","status":"publish","type":"page","link":"https:\/\/observatorios.colef.mx\/opomidh\/criterios-para-colaboraciones\/","title":{"rendered":"Criterios para colaboraciones"},"content":{"rendered":"\t\t<div data-elementor-type=\"wp-page\" data-elementor-id=\"14568\" class=\"elementor elementor-14568\" data-elementor-post-type=\"page\">\n\t\t\t\t<div class=\"elementor-element elementor-element-d0b9ae5 e-flex e-con-boxed e-con e-parent\" data-id=\"d0b9ae5\" data-element_type=\"container\">\n\t\t\t\t\t<div class=\"e-con-inner\">\n\t\t\t\t<div class=\"elementor-element elementor-element-2b56145 elementor-widget elementor-widget-text-editor\" data-id=\"2b56145\" data-element_type=\"widget\" data-widget_type=\"text-editor.default\">\n\t\t\t\t<div class=\"elementor-widget-container\">\n\t\t\t\t\t\t\t<p><strong>Criterios para colaborar con art\u00edculos en la secci\u00f3n de An\u00e1lisis y opini\u00f3n del OPOMIDH<\/strong><\/p><p><strong>\u00a0<\/strong><\/p><p><strong>Alcance:<\/strong> Los aportes deber\u00e1n ofrecer una visi\u00f3n integral y actualizada de las tendencias, desaf\u00edos y corrientes en materia de pol\u00edtica migratoria y de derechos humanos, sustentados en datos y evidencia emp\u00edrica.<\/p><p><strong>\u00a0<\/strong><\/p><p><strong>Extensi\u00f3n y estructura:<\/strong> Los textos deber\u00e1n tener al menos 1,500 palabras, pudi\u00e9ndose ampliar hasta 3,500 cuando el contenido lo requiera. Se recomienda una estructura clara (introducci\u00f3n, desarrollo, an\u00e1lisis y conclusiones).<\/p><p><strong>\u00a0<\/strong><\/p><p><strong>Fundamentaci\u00f3n y referencias:<\/strong> Cada afirmaci\u00f3n deber\u00e1 estar respaldada por datos, estad\u00edsticas, an\u00e1lisis legislativo o revisiones bibliogr\u00e1ficas. Es obligatorio incluir citas y referencias (preferiblemente en <a href=\"https:\/\/normas-apa.org\/referencias\/componentes\/\">formato APA 7<\/a>).<\/p><p><strong>\u00a0<\/strong><\/p><p><strong>Contenido de apoyo:<\/strong> Si el texto as\u00ed lo requiere, se podr\u00e1n integrar elementos como tablas, gr\u00e1ficas, mapas, esquemas e im\u00e1genes.<\/p><p><strong>\u00a0<\/strong><\/p><p><strong>Revisi\u00f3n:<\/strong> Los textos pasar\u00e1n por un proceso editorial que puede requerir ajustes. Se espera objetividad, transparencia y respeto a la diversidad de opiniones, evitando plagio y discursos polarizados.<\/p><p><strong>\u00a0<\/strong><\/p><p><strong>Env\u00edo:<\/strong> Las y los colaboradores deber\u00e1n enviar su texto y contenido de apoyo, junto con un resumen y semblanza al correo: <a href=\"mailto:observamigracionyddhh@colef.mx\">observamigracionyddhh@colef.mx<\/a> .<\/p><p><strong>\u00a0<\/strong><\/p><p><strong>Constancia: <\/strong>Una vez publicada la colaboraci\u00f3n se emitir\u00e1 un oficio que acredite la participaci\u00f3n para la persona colaboradora.<\/p><p>\u00a0<\/p><p>\u00a0<\/p>\t\t\t\t\t\t<\/div>\n\t\t\t\t<\/div>\n\t\t\t\t\t<\/div>\n\t\t\t\t<\/div>\n\t\t\t\t<\/div>\n\t\t","protected":false},"excerpt":{"rendered":"<p>Criterios para colaborar con art\u00edculos en la secci\u00f3n de An\u00e1lisis y opini\u00f3n del OPOMIDH \u00a0 Alcance: Los aportes deber\u00e1n ofrecer una visi\u00f3n integral y actualizada de las tendencias, desaf\u00edos y corrientes en materia de pol\u00edtica migratoria y de derechos humanos, sustentados en datos y evidencia emp\u00edrica. \u00a0 Extensi\u00f3n y estructura: Los textos deber\u00e1n tener al [&hellip;]<\/p>\n","protected":false},"author":9,"featured_media":0,"parent":0,"menu_order":0,"comment_status":"closed","ping_status":"closed","template":"","meta":{"_acf_changed":false,"footnotes":""},"categories":[],"tags":[],"class_list":["post-14568","page","type-page","status-publish","hentry"],"acf":[],"_links":{"self":[{"href":"https:\/\/observatorios.colef.mx\/opomidh\/wp-json\/wp\/v2\/pages\/14568","targetHints":{"allow":["GET"]}}],"collection":[{"href":"https:\/\/observatorios.colef.mx\/opomidh\/wp-json\/wp\/v2\/pages"}],"about":[{"href":"https:\/\/observatorios.colef.mx\/opomidh\/wp-json\/wp\/v2\/types\/page"}],"author":[{"embeddable":true,"href":"https:\/\/observatorios.colef.mx\/opomidh\/wp-json\/wp\/v2\/users\/9"}],"replies":[{"embeddable":true,"href":"https:\/\/observatorios.colef.mx\/opomidh\/wp-json\/wp\/v2\/comments?post=14568"}],"version-history":[{"count":9,"href":"https:\/\/observatorios.colef.mx\/opomidh\/wp-json\/wp\/v2\/pages\/14568\/revisions"}],"predecessor-version":[{"id":14578,"href":"https:\/\/observatorios.colef.mx\/opomidh\/wp-json\/wp\/v2\/pages\/14568\/revisions\/14578"}],"wp:attachment":[{"href":"https:\/\/observatorios.colef.mx\/opomidh\/wp-json\/wp\/v2\/media?parent=14568"}],"wp:term":[{"taxonomy":"category","embeddable":true,"href":"https:\/\/observatorios.colef.mx\/opomidh\/wp-json\/wp\/v2\/categories?post=14568"},{"taxonomy":"post_tag","embeddable":true,"href":"https:\/\/observatorios.colef.mx\/opomidh\/wp-json\/wp\/v2\/tags?post=14568"}],"curies":[{"name":"wp","href":"https:\/\/api.w.org\/{rel}","templated":true}]}}