{"id":2912,"date":"2023-12-21T14:06:33","date_gmt":"2023-12-21T14:06:33","guid":{"rendered":"https:\/\/expertise.qodeinteractive.com\/?page_id=2912"},"modified":"2026-02-27T13:09:59","modified_gmt":"2026-02-27T20:09:59","slug":"sitios","status":"publish","type":"page","link":"https:\/\/observatorios.colef.mx\/ocef\/sitios\/","title":{"rendered":"Otros sitios"},"content":{"rendered":"\t\t<div data-elementor-type=\"wp-page\" data-elementor-id=\"2912\" class=\"elementor elementor-2912\" data-elementor-post-type=\"page\">\n\t\t\t\t<div class=\"elementor-element elementor-element-58fb928 qodef-elementor-content-grid e-con-full e-flex e-con e-parent\" data-id=\"58fb928\" data-element_type=\"container\" data-settings=\"{&quot;background_background&quot;:&quot;classic&quot;}\">\n\t\t<div class=\"elementor-element elementor-element-6cd5d9c e-con-full e-flex e-con e-child\" data-id=\"6cd5d9c\" data-element_type=\"container\">\n\t\t\t\t<div class=\"elementor-element elementor-element-3a93d62 elementor-widget elementor-widget-text-editor\" data-id=\"3a93d62\" data-element_type=\"widget\" data-widget_type=\"text-editor.default\">\n\t\t\t\t<div class=\"elementor-widget-container\">\n\t\t\t<style>\/*! elementor - v3.22.0 - 17-06-2024 *\/\n.elementor-widget-text-editor.elementor-drop-cap-view-stacked .elementor-drop-cap{background-color:#69727d;color:#fff}.elementor-widget-text-editor.elementor-drop-cap-view-framed .elementor-drop-cap{color:#69727d;border:3px solid;background-color:transparent}.elementor-widget-text-editor:not(.elementor-drop-cap-view-default) .elementor-drop-cap{margin-top:8px}.elementor-widget-text-editor:not(.elementor-drop-cap-view-default) .elementor-drop-cap-letter{width:1em;height:1em}.elementor-widget-text-editor .elementor-drop-cap{float:left;text-align:center;line-height:1;font-size:50px}.elementor-widget-text-editor .elementor-drop-cap-letter{display:inline-block}<\/style>\t\t\t\t<h1><span style=\"color: #000000;\">Sitios <span style=\"color: #d48223;\">de Inter\u00e9s<\/span><\/h1>\t\t\t\t\t\t<\/div>\n\t\t\t\t<\/div>\n\t\t\t\t<\/div>\n\t\t<div class=\"elementor-element elementor-element-cfe942f e-con-full e-flex e-con e-child\" data-id=\"cfe942f\" data-element_type=\"container\">\n\t\t<div class=\"elementor-element elementor-element-4152fac e-con-full e-flex e-con e-child\" data-id=\"4152fac\" data-element_type=\"container\">\n\t\t\t\t<div class=\"elementor-element elementor-element-6377ee5 elementor-widget elementor-widget-heading\" data-id=\"6377ee5\" data-element_type=\"widget\" data-widget_type=\"heading.default\">\n\t\t\t\t<div class=\"elementor-widget-container\">\n\t\t\t<style>\/*! elementor - v3.22.0 - 17-06-2024 *\/\n.elementor-heading-title{padding:0;margin:0;line-height:1}.elementor-widget-heading .elementor-heading-title[class*=elementor-size-]>a{color:inherit;font-size:inherit;line-height:inherit}.elementor-widget-heading .elementor-heading-title.elementor-size-small{font-size:15px}.elementor-widget-heading .elementor-heading-title.elementor-size-medium{font-size:19px}.elementor-widget-heading .elementor-heading-title.elementor-size-large{font-size:29px}.elementor-widget-heading .elementor-heading-title.elementor-size-xl{font-size:39px}.elementor-widget-heading .elementor-heading-title.elementor-size-xxl{font-size:59px}<\/style><h4 class=\"elementor-heading-title elementor-size-default\">M\u00c9XICO<\/h4>\t\t<\/div>\n\t\t\t\t<\/div>\n\t\t\t\t<div class=\"elementor-element elementor-element-bc9715a elementor-widget elementor-widget-text-editor\" data-id=\"bc9715a\" data-element_type=\"widget\" data-widget_type=\"text-editor.default\">\n\t\t\t\t<div class=\"elementor-widget-container\">\n\t\t\t\t\t\t\t<p><a href=\"http:\/\/en.www.inegi.org.mx\/app\/indicadores\/?tm=0\" target=\"_blank\" rel=\"noopener\">INEGI, Banco de informaci\u00f3n econ\u00f3mica<\/a><\/p>\t\t\t\t\t\t<\/div>\n\t\t\t\t<\/div>\n\t\t\t\t<div class=\"elementor-element elementor-element-9d0ee9f elementor-widget elementor-widget-text-editor\" data-id=\"9d0ee9f\" data-element_type=\"widget\" data-widget_type=\"text-editor.default\">\n\t\t\t\t<div class=\"elementor-widget-container\">\n\t\t\t\t\t\t\t<p><a href=\"https:\/\/www.inegi.org.mx\/temas\/inpc\/\" target=\"_blank\" rel=\"noopener\">INEGI, \u00cdndice de precios<\/a><\/p>\t\t\t\t\t\t<\/div>\n\t\t\t\t<\/div>\n\t\t\t\t<div class=\"elementor-element elementor-element-e68db15 elementor-widget elementor-widget-text-editor\" data-id=\"e68db15\" data-element_type=\"widget\" data-widget_type=\"text-editor.default\">\n\t\t\t\t<div class=\"elementor-widget-container\">\n\t\t\t\t\t\t\t<p><a href=\"https:\/\/www.inegi.org.mx\/app\/publicaciones\/\" data-wplink-edit=\"true\">INEGI, Publicaciones econom\u00eda<\/a><\/p>\t\t\t\t\t\t<\/div>\n\t\t\t\t<\/div>\n\t\t\t\t<div class=\"elementor-element elementor-element-2233420 elementor-widget elementor-widget-text-editor\" data-id=\"2233420\" data-element_type=\"widget\" data-widget_type=\"text-editor.default\">\n\t\t\t\t<div class=\"elementor-widget-container\">\n\t\t\t\t\t\t\t<p><a href=\"https:\/\/www.coneval.org.mx\/SalaPrensa\/Documents\/Lineas-de-bienestar.pdf\" target=\"_blank\" rel=\"noopener\">Coneval, L\u00ednea de bienestar<\/a><\/p>\t\t\t\t\t\t<\/div>\n\t\t\t\t<\/div>\n\t\t\t\t<div class=\"elementor-element elementor-element-4d667d0 elementor-widget elementor-widget-text-editor\" data-id=\"4d667d0\" data-element_type=\"widget\" data-widget_type=\"text-editor.default\">\n\t\t\t\t<div class=\"elementor-widget-container\">\n\t\t\t\t\t\t\t<p><a href=\"https:\/\/portafolioinfo.cnbv.gob.mx\/Paginas\/Inicio.aspx\" target=\"_blank\" rel=\"noopener\">Comisi\u00f3n Nacional Bancaria y de Valores, Portafolio de informaci\u00f3n<\/a><\/p>\t\t\t\t\t\t<\/div>\n\t\t\t\t<\/div>\n\t\t\t\t<div class=\"elementor-element elementor-element-71393bc elementor-widget elementor-widget-text-editor\" data-id=\"71393bc\" data-element_type=\"widget\" data-widget_type=\"text-editor.default\">\n\t\t\t\t<div class=\"elementor-widget-container\">\n\t\t\t\t\t\t\t<p><a href=\"https:\/\/www.finanzaspublicas.hacienda.gob.mx\/es\/Finanzas_Publicas\/Estadisticas_Oportunas_de_Finanzas_Publicas\" target=\"_blank\" rel=\"noopener\">Secretar\u00eda de Hacienda y Cr\u00e9dito P\u00fablico, Estad\u00edsticas<\/a><\/p>\t\t\t\t\t\t<\/div>\n\t\t\t\t<\/div>\n\t\t\t\t<div class=\"elementor-element elementor-element-0ea398a elementor-widget elementor-widget-text-editor\" data-id=\"0ea398a\" data-element_type=\"widget\" data-widget_type=\"text-editor.default\">\n\t\t\t\t<div class=\"elementor-widget-container\">\n\t\t\t\t\t\t\t<p><a href=\"https:\/\/www.gob.mx\/stps\/acciones-y-programas\/estadisticas-del-sector\" target=\"_blank\" rel=\"noopener\">Secretar\u00eda del Trabajo y Previsi\u00f3n Social, Estad\u00edsticas<\/a><\/p>\t\t\t\t\t\t<\/div>\n\t\t\t\t<\/div>\n\t\t\t\t<div class=\"elementor-element elementor-element-d37d17b elementor-widget elementor-widget-text-editor\" data-id=\"d37d17b\" data-element_type=\"widget\" data-widget_type=\"text-editor.default\">\n\t\t\t\t<div class=\"elementor-widget-container\">\n\t\t\t\t\t\t\t<p><a href=\"http:\/\/www.datatur.sectur.gob.mx\/SitePages\/Inicio.aspx\" target=\"_blank\" rel=\"noopener\">SIIMT, Monitoreo de SITE \u2013 DATATUR<\/a><\/p>\t\t\t\t\t\t<\/div>\n\t\t\t\t<\/div>\n\t\t\t\t<div class=\"elementor-element elementor-element-f467e3b elementor-widget elementor-widget-text-editor\" data-id=\"f467e3b\" data-element_type=\"widget\" data-widget_type=\"text-editor.default\">\n\t\t\t\t<div class=\"elementor-widget-container\">\n\t\t\t\t\t\t\t<p><a href=\"http:\/\/www.imss.gob.mx\/\" target=\"_blank\" rel=\"noopener\">Instituto Mexicano del Seguro Social (IMSS)<\/a><\/p>\t\t\t\t\t\t<\/div>\n\t\t\t\t<\/div>\n\t\t\t\t<div class=\"elementor-element elementor-element-5a79b04 elementor-widget elementor-widget-text-editor\" data-id=\"5a79b04\" data-element_type=\"widget\" data-widget_type=\"text-editor.default\">\n\t\t\t\t<div class=\"elementor-widget-container\">\n\t\t\t\t\t\t\t<p><a href=\"https:\/\/observaturbc.com\/\" target=\"_blank\" rel=\"noopener\">Observatorio Tur\u00edstico de Baja California<\/a><\/p>\t\t\t\t\t\t<\/div>\n\t\t\t\t<\/div>\n\t\t\t\t<\/div>\n\t\t<div class=\"elementor-element elementor-element-8f9d27e e-con-full e-flex e-con e-child\" data-id=\"8f9d27e\" data-element_type=\"container\">\n\t\t\t\t<div class=\"elementor-element elementor-element-ea3e938 elementor-widget elementor-widget-heading\" data-id=\"ea3e938\" data-element_type=\"widget\" data-widget_type=\"heading.default\">\n\t\t\t\t<div class=\"elementor-widget-container\">\n\t\t\t<h4 class=\"elementor-heading-title elementor-size-default\">ESTADOS UNIDOS DE AM\u00c9RICA\u200b<\/h4>\t\t<\/div>\n\t\t\t\t<\/div>\n\t\t\t\t<div class=\"elementor-element elementor-element-165d7ad elementor-widget elementor-widget-text-editor\" data-id=\"165d7ad\" data-element_type=\"widget\" data-widget_type=\"text-editor.default\">\n\t\t\t\t<div class=\"elementor-widget-container\">\n\t\t\t\t\t\t\t<p><a href=\"https:\/\/www.bea.gov\/\" target=\"_blank\" rel=\"noopener\">U.S. Bureau of Economic Analysis<\/a><\/p>\t\t\t\t\t\t<\/div>\n\t\t\t\t<\/div>\n\t\t\t\t<div class=\"elementor-element elementor-element-d9796cc elementor-widget elementor-widget-text-editor\" data-id=\"d9796cc\" data-element_type=\"widget\" data-widget_type=\"text-editor.default\">\n\t\t\t\t<div class=\"elementor-widget-container\">\n\t\t\t\t\t\t\t<p><a href=\"https:\/\/www.bls.gov\/\" target=\"_blank\" rel=\"noopener\">U.S. Bureau of Labor Statistics (BLS)<\/a><\/p>\t\t\t\t\t\t<\/div>\n\t\t\t\t<\/div>\n\t\t\t\t<div class=\"elementor-element elementor-element-71df21c elementor-widget elementor-widget-text-editor\" data-id=\"71df21c\" data-element_type=\"widget\" data-widget_type=\"text-editor.default\">\n\t\t\t\t<div class=\"elementor-widget-container\">\n\t\t\t\t\t\t\t<p><a href=\"https:\/\/www.dol.gov\/\" target=\"_blank\" rel=\"noopener\">U.S Department of Labor<\/a><\/p>\t\t\t\t\t\t<\/div>\n\t\t\t\t<\/div>\n\t\t\t\t<div class=\"elementor-element elementor-element-fadb028 elementor-widget elementor-widget-text-editor\" data-id=\"fadb028\" data-element_type=\"widget\" data-widget_type=\"text-editor.default\">\n\t\t\t\t<div class=\"elementor-widget-container\">\n\t\t\t\t\t\t\t<p><a href=\"https:\/\/www.federalregister.gov\/agencies\/research-and-innovative-technology-administration\" target=\"_blank\" rel=\"noopener\">Research and Innovative Technology<br \/>Administration (RITA)<\/a><\/p>\t\t\t\t\t\t<\/div>\n\t\t\t\t<\/div>\n\t\t\t\t<div class=\"elementor-element elementor-element-0d57b79 elementor-widget elementor-widget-text-editor\" data-id=\"0d57b79\" data-element_type=\"widget\" data-widget_type=\"text-editor.default\">\n\t\t\t\t<div class=\"elementor-widget-container\">\n\t\t\t\t\t\t\t<p><a href=\"https:\/\/www.transportation.gov\/\" target=\"_blank\" rel=\"noopener\">U.S. Department of Transportation&#8217;s (DOT)<\/a><\/p>\t\t\t\t\t\t<\/div>\n\t\t\t\t<\/div>\n\t\t\t\t<div class=\"elementor-element elementor-element-a7b638f elementor-widget elementor-widget-text-editor\" data-id=\"a7b638f\" data-element_type=\"widget\" data-widget_type=\"text-editor.default\">\n\t\t\t\t<div class=\"elementor-widget-container\">\n\t\t\t\t\t\t\t<p><a href=\"https:\/\/www.bts.gov\/\" target=\"_blank\" rel=\"noopener\">Bureau of Transportation Statistics (BTS)<\/a><\/p>\t\t\t\t\t\t<\/div>\n\t\t\t\t<\/div>\n\t\t\t\t<div class=\"elementor-element elementor-element-4683788 elementor-widget elementor-widget-text-editor\" data-id=\"4683788\" data-element_type=\"widget\" data-widget_type=\"text-editor.default\">\n\t\t\t\t<div class=\"elementor-widget-container\">\n\t\t\t\t\t\t\t<p><a href=\"https:\/\/www.dhs.gov\/\" target=\"_blank\" rel=\"noopener\">Department of Homeland Security<\/a><\/p>\t\t\t\t\t\t<\/div>\n\t\t\t\t<\/div>\n\t\t\t\t<div class=\"elementor-element elementor-element-acc1eb3 elementor-widget elementor-widget-text-editor\" data-id=\"acc1eb3\" data-element_type=\"widget\" data-widget_type=\"text-editor.default\">\n\t\t\t\t<div class=\"elementor-widget-container\">\n\t\t\t\t\t\t\t<p><a href=\"https:\/\/www.cbp.gov\/\" target=\"_blank\" rel=\"noopener\">U.S. Customs and Border Protection<\/a><\/p>\t\t\t\t\t\t<\/div>\n\t\t\t\t<\/div>\n\t\t\t\t<\/div>\n\t\t\t\t<\/div>\n\t\t\t\t<\/div>\n\t\t<div class=\"elementor-element elementor-element-b993096 e-grid e-con-boxed e-con e-parent\" data-id=\"b993096\" data-element_type=\"container\">\n\t\t\t\t\t<div class=\"e-con-inner\">\n\t\t<div class=\"elementor-element elementor-element-a28c51f e-con-full e-flex e-con e-child\" data-id=\"a28c51f\" data-element_type=\"container\">\n\t\t\t\t<div class=\"elementor-element elementor-element-b318072 elementor-widget elementor-widget-text-editor\" data-id=\"b318072\" data-element_type=\"widget\" data-widget_type=\"text-editor.default\">\n\t\t\t\t<div class=\"elementor-widget-container\">\n\t\t\t\t\t\t\t<h2><span style=\"color: #000000;\">Comunicaci\u00f3n abierta con el <span style=\"color: #d48223;\">OCEF<\/span><\/span><\/h2>\t\t\t\t\t\t<\/div>\n\t\t\t\t<\/div>\n\t\t\t\t<\/div>\n\t\t<div class=\"elementor-element elementor-element-e504817 e-con-full e-flex e-con e-child\" data-id=\"e504817\" data-element_type=\"container\">\n\t\t\t\t<div class=\"elementor-element elementor-element-8efbe79 elementor-widget elementor-widget-wp-widget-expertise_core_contact_form_7\" data-id=\"8efbe79\" data-element_type=\"widget\" data-widget_type=\"wp-widget-expertise_core_contact_form_7.default\">\n\t\t\t\t<div class=\"elementor-widget-container\">\n\t\t\t\t\t\t<div class=\"qodef-contact-form-7\">\n\t\t\t\t\n<div class=\"wpcf7 no-js\" id=\"wpcf7-f8021-o1\" lang=\"es-ES\" dir=\"ltr\" data-wpcf7-id=\"8021\">\n<div class=\"screen-reader-response\"><p role=\"status\" aria-live=\"polite\" aria-atomic=\"true\"><\/p> <ul><\/ul><\/div>\n<form action=\"\/ocef\/wp-json\/wp\/v2\/pages\/2912#wpcf7-f8021-o1\" method=\"post\" class=\"wpcf7-form init\" aria-label=\"Formulario de contacto\" novalidate=\"novalidate\" data-status=\"init\">\n<fieldset class=\"hidden-fields-container\"><input type=\"hidden\" name=\"_wpcf7\" value=\"8021\" \/><input type=\"hidden\" name=\"_wpcf7_version\" value=\"6.1.4\" \/><input type=\"hidden\" name=\"_wpcf7_locale\" value=\"es_ES\" \/><input type=\"hidden\" name=\"_wpcf7_unit_tag\" value=\"wpcf7-f8021-o1\" \/><input type=\"hidden\" name=\"_wpcf7_container_post\" value=\"0\" \/><input type=\"hidden\" name=\"_wpcf7_posted_data_hash\" value=\"\" \/>\n<\/fieldset>\n<div class=\"qodef-form-wrapper qodef--appointment\">\n\n<div class=\"qodef-form-content\">\n\n<h4>Cont\u00e1ctanos <\/h4>\n\n<label> \nEmail\n<span class=\"wpcf7-form-control-wrap\" data-name=\"your-email\"><input size=\"40\" maxlength=\"400\" class=\"wpcf7-form-control wpcf7-email wpcf7-validates-as-required wpcf7-text wpcf7-validates-as-email\" autocomplete=\"email\" aria-required=\"true\" aria-invalid=\"false\" value=\"\" type=\"email\" name=\"your-email\" \/><\/span>\n<\/label>\n\n<label> \nNombre\n<span class=\"wpcf7-form-control-wrap\" data-name=\"your-name\"><input size=\"40\" maxlength=\"400\" class=\"wpcf7-form-control wpcf7-text wpcf7-validates-as-required\" autocomplete=\"name\" aria-required=\"true\" aria-invalid=\"false\" value=\"\" type=\"text\" name=\"your-name\" \/><\/span>\n<\/label>\n\n<label> \nMensaje\n<span class=\"wpcf7-form-control-wrap\" data-name=\"Mensaje\"><textarea cols=\"40\" rows=\"2\" maxlength=\"2000\" class=\"wpcf7-form-control wpcf7-textarea wpcf7-validates-as-required\" aria-required=\"true\" aria-invalid=\"false\" name=\"Mensaje\"><\/textarea><\/span>\n<\/label>\n\n<\/div>\n\n<button class=\"wpcf7-form-control wpcf7-submit qodef-button qodef-size--normal qodef-layout--filled qodef-m\" type=\"submit\"><span class=\"qodef-m-text-holder\"><span class=\"qodef-m-circle\"><\/span><span class=\"qodef-m-text\">Enviar<\/span><\/span><\/button><div class=\"wpcf7-response-output\" aria-hidden=\"true\"><\/div>\n<\/form>\n<\/div>\n\t\t\t<\/div>\n\t\t\t\t\t<\/div>\n\t\t\t\t<\/div>\n\t\t\t\t<\/div>\n\t\t\t\t\t<\/div>\n\t\t\t\t<\/div>\n\t\t<div class=\"elementor-element elementor-element-bfb2c09 e-grid e-con-boxed e-con e-parent\" data-id=\"bfb2c09\" data-element_type=\"container\">\n\t\t\t\t\t<div class=\"e-con-inner\">\n\t\t\t\t\t<\/div>\n\t\t\t\t<\/div>\n\t\t\t\t<\/div>\n\t\t","protected":false},"excerpt":{"rendered":"<p>Sitios de Inter\u00e9s M\u00c9XICO INEGI, Banco de informaci\u00f3n econ\u00f3mica INEGI, \u00cdndice de precios INEGI, Publicaciones econom\u00eda Coneval, L\u00ednea de bienestar Comisi\u00f3n Nacional Bancaria y de Valores, Portafolio de informaci\u00f3n Secretar\u00eda de Hacienda y Cr\u00e9dito P\u00fablico, Estad\u00edsticas Secretar\u00eda del Trabajo y Previsi\u00f3n Social, Estad\u00edsticas SIIMT, Monitoreo de SITE \u2013 DATATUR Instituto Mexicano del Seguro Social (IMSS) [&hellip;]<\/p>\n","protected":false},"author":1,"featured_media":0,"parent":0,"menu_order":0,"comment_status":"closed","ping_status":"closed","template":"page-full-width.php","meta":{"_acf_changed":false,"footnotes":""},"class_list":["post-2912","page","type-page","status-publish","hentry"],"acf":[],"_links":{"self":[{"href":"https:\/\/observatorios.colef.mx\/ocef\/wp-json\/wp\/v2\/pages\/2912","targetHints":{"allow":["GET"]}}],"collection":[{"href":"https:\/\/observatorios.colef.mx\/ocef\/wp-json\/wp\/v2\/pages"}],"about":[{"href":"https:\/\/observatorios.colef.mx\/ocef\/wp-json\/wp\/v2\/types\/page"}],"author":[{"embeddable":true,"href":"https:\/\/observatorios.colef.mx\/ocef\/wp-json\/wp\/v2\/users\/1"}],"replies":[{"embeddable":true,"href":"https:\/\/observatorios.colef.mx\/ocef\/wp-json\/wp\/v2\/comments?post=2912"}],"version-history":[{"count":97,"href":"https:\/\/observatorios.colef.mx\/ocef\/wp-json\/wp\/v2\/pages\/2912\/revisions"}],"predecessor-version":[{"id":8025,"href":"https:\/\/observatorios.colef.mx\/ocef\/wp-json\/wp\/v2\/pages\/2912\/revisions\/8025"}],"wp:attachment":[{"href":"https:\/\/observatorios.colef.mx\/ocef\/wp-json\/wp\/v2\/media?parent=2912"}],"curies":[{"name":"wp","href":"https:\/\/api.w.org\/{rel}","templated":true}]}}