{"id":1408,"date":"2023-12-11T11:43:07","date_gmt":"2023-12-11T11:43:07","guid":{"rendered":"https:\/\/expertise.qodeinteractive.com\/?page_id=1408"},"modified":"2026-02-27T14:37:24","modified_gmt":"2026-02-27T21:37:24","slug":"estadisticas","status":"publish","type":"page","link":"https:\/\/observatorios.colef.mx\/ocef\/estadisticas\/","title":{"rendered":"Estad\u00edsticas"},"content":{"rendered":"\t\t<div data-elementor-type=\"wp-page\" data-elementor-id=\"1408\" class=\"elementor elementor-1408\" data-elementor-post-type=\"page\">\n\t\t\t\t<div class=\"elementor-element elementor-element-efe90b6 e-con-full e-flex e-con e-parent\" data-id=\"efe90b6\" data-element_type=\"container\">\n\t\t\t\t<div class=\"elementor-element elementor-element-7ea0a79 elementor-widget elementor-widget-spacer\" data-id=\"7ea0a79\" data-element_type=\"widget\" data-widget_type=\"spacer.default\">\n\t\t\t\t<div class=\"elementor-widget-container\">\n\t\t\t<style>\/*! elementor - v3.22.0 - 17-06-2024 *\/\n.elementor-column .elementor-spacer-inner{height:var(--spacer-size)}.e-con{--container-widget-width:100%}.e-con-inner>.elementor-widget-spacer,.e-con>.elementor-widget-spacer{width:var(--container-widget-width,var(--spacer-size));--align-self:var(--container-widget-align-self,initial);--flex-shrink:0}.e-con-inner>.elementor-widget-spacer>.elementor-widget-container,.e-con>.elementor-widget-spacer>.elementor-widget-container{height:100%;width:100%}.e-con-inner>.elementor-widget-spacer>.elementor-widget-container>.elementor-spacer,.e-con>.elementor-widget-spacer>.elementor-widget-container>.elementor-spacer{height:100%}.e-con-inner>.elementor-widget-spacer>.elementor-widget-container>.elementor-spacer>.elementor-spacer-inner,.e-con>.elementor-widget-spacer>.elementor-widget-container>.elementor-spacer>.elementor-spacer-inner{height:var(--container-widget-height,var(--spacer-size))}.e-con-inner>.elementor-widget-spacer.elementor-widget-empty,.e-con>.elementor-widget-spacer.elementor-widget-empty{position:relative;min-height:22px;min-width:22px}.e-con-inner>.elementor-widget-spacer.elementor-widget-empty .elementor-widget-empty-icon,.e-con>.elementor-widget-spacer.elementor-widget-empty .elementor-widget-empty-icon{position:absolute;top:0;bottom:0;left:0;right:0;margin:auto;padding:0;width:22px;height:22px}<\/style>\t\t<div class=\"elementor-spacer\">\n\t\t\t<div class=\"elementor-spacer-inner\"><\/div>\n\t\t<\/div>\n\t\t\t\t<\/div>\n\t\t\t\t<\/div>\n\t\t\t\t<div class=\"elementor-element elementor-element-ee556d2 elementor-widget__width-initial elementor-widget elementor-widget-text-editor\" data-id=\"ee556d2\" data-element_type=\"widget\" data-widget_type=\"text-editor.default\">\n\t\t\t\t<div class=\"elementor-widget-container\">\n\t\t\t<style>\/*! elementor - v3.22.0 - 17-06-2024 *\/\n.elementor-widget-text-editor.elementor-drop-cap-view-stacked .elementor-drop-cap{background-color:#69727d;color:#fff}.elementor-widget-text-editor.elementor-drop-cap-view-framed .elementor-drop-cap{color:#69727d;border:3px solid;background-color:transparent}.elementor-widget-text-editor:not(.elementor-drop-cap-view-default) .elementor-drop-cap{margin-top:8px}.elementor-widget-text-editor:not(.elementor-drop-cap-view-default) .elementor-drop-cap-letter{width:1em;height:1em}.elementor-widget-text-editor .elementor-drop-cap{float:left;text-align:center;line-height:1;font-size:50px}.elementor-widget-text-editor .elementor-drop-cap-letter{display:inline-block}<\/style>\t\t\t\t<h1><span style=\"color: #000000;\">Somos un pilar <span style=\"color: #e4860a;\">en el an\u00e1lisis econ\u00f3mico de la frontera<\/span><\/h1>\t\t\t\t\t\t<\/div>\n\t\t\t\t<\/div>\n\t\t\t\t<div class=\"elementor-element elementor-element-42ddbff elementor-widget elementor-widget-spacer\" data-id=\"42ddbff\" data-element_type=\"widget\" data-widget_type=\"spacer.default\">\n\t\t\t\t<div class=\"elementor-widget-container\">\n\t\t\t\t\t<div class=\"elementor-spacer\">\n\t\t\t<div class=\"elementor-spacer-inner\"><\/div>\n\t\t<\/div>\n\t\t\t\t<\/div>\n\t\t\t\t<\/div>\n\t\t\t\t<\/div>\n\t\t<div class=\"elementor-element elementor-element-469abdc e-con-full e-flex e-con e-parent\" data-id=\"469abdc\" data-element_type=\"container\">\n\t\t<div class=\"elementor-element elementor-element-8d175aa e-con-full e-flex e-con e-child\" data-id=\"8d175aa\" data-element_type=\"container\">\n\t\t\t\t<div class=\"elementor-element elementor-element-0dcdc98 elementor-widget-tablet__width-inherit elementor-widget elementor-widget-expertise_core_info_section\" data-id=\"0dcdc98\" data-element_type=\"widget\" data-widget_type=\"expertise_core_info_section.default\">\n\t\t\t\t<div class=\"elementor-widget-container\">\n\t\t\t<div class=\"qodef-shortcode qodef-m  qodef-info-section qodef-layout--simple \">\n\t<div class=\"qodef-m-info\">\n\t\t\t<div class=\"qodef-m-icon\" style=\"width: 64px\">\n\t\t<img decoding=\"async\" width=\"128\" height=\"128\" src=\"https:\/\/observatorios.colef.mx\/ocef\/wp-content\/uploads\/2024\/07\/diagram_3@2x.png\" class=\"attachment-full size-full\" alt=\"\" \/>\t<\/div>\n\t\t\t\t\t<h4 class=\"qodef-m-title\" style=\"color: #000000\">\n\t\tAcceso a datos\t<\/h4>\n\t\t\t<ul class=\"qodef-m-items\">\n\t\t\t\t\t<li class=\"qodef-m-item\" >Consulta y descarga de datos econ\u00f3micos detallados de la regi\u00f3n fronteriza.<\/li>\n\t\t\t<\/ul>\n\t\t\t<\/div>\n<\/div>\n\t\t<\/div>\n\t\t\t\t<\/div>\n\t\t\t\t<\/div>\n\t\t<div class=\"elementor-element elementor-element-177aefb e-con-full e-flex e-con e-child\" data-id=\"177aefb\" data-element_type=\"container\">\n\t\t\t\t<div class=\"elementor-element elementor-element-3c1c73c elementor-widget-tablet__width-inherit elementor-widget elementor-widget-expertise_core_info_section\" data-id=\"3c1c73c\" data-element_type=\"widget\" data-widget_type=\"expertise_core_info_section.default\">\n\t\t\t\t<div class=\"elementor-widget-container\">\n\t\t\t<div class=\"qodef-shortcode qodef-m  qodef-info-section qodef-layout--simple qodef-title-break--disabled\">\n\t<div class=\"qodef-m-info\">\n\t\t\t<div class=\"qodef-m-icon\" style=\"width: 64px\">\n\t\t<img decoding=\"async\" width=\"128\" height=\"128\" src=\"https:\/\/observatorios.colef.mx\/ocef\/wp-content\/uploads\/2024\/07\/diagram_4@2x.png\" class=\"attachment-full size-full\" alt=\"\" \/>\t<\/div>\n\t\t\t\t\t<h4 class=\"qodef-m-title\" style=\"color: #000000\">\n\t\tVisualizaci\u00f3n interactiva\t<\/h4>\n\t\t\t<ul class=\"qodef-m-items\">\n\t\t\t\t\t<li class=\"qodef-m-item\" >Gr\u00e1ficos y mapas interactivos para una comprensi\u00f3n visual de las tendencias econ\u00f3micas.<\/li>\n\t\t\t<\/ul>\n\t\t\t<\/div>\n<\/div>\n\t\t<\/div>\n\t\t\t\t<\/div>\n\t\t\t\t<\/div>\n\t\t<div class=\"elementor-element elementor-element-0a164d2 e-con-full e-flex e-con e-child\" data-id=\"0a164d2\" data-element_type=\"container\">\n\t\t\t\t<div class=\"elementor-element elementor-element-f175f5d elementor-widget-tablet__width-inherit elementor-widget elementor-widget-expertise_core_info_section\" data-id=\"f175f5d\" data-element_type=\"widget\" data-widget_type=\"expertise_core_info_section.default\">\n\t\t\t\t<div class=\"elementor-widget-container\">\n\t\t\t<div class=\"qodef-shortcode qodef-m  qodef-info-section qodef-layout--simple \">\n\t<div class=\"qodef-m-info\">\n\t\t\t<div class=\"qodef-m-icon\" style=\"width: 64px\">\n\t\t<img decoding=\"async\" width=\"128\" height=\"128\" src=\"https:\/\/observatorios.colef.mx\/ocef\/wp-content\/uploads\/2024\/07\/diagram_1@2x.png\" class=\"attachment-full size-full\" alt=\"\" \/>\t<\/div>\n\t\t\t\t\t<h4 class=\"qodef-m-title\" style=\"color: #000000\">\n\t\tAn\u00e1lisis personalizado\t<\/h4>\n\t\t\t<ul class=\"qodef-m-items\">\n\t\t\t\t\t<li class=\"qodef-m-item\" >Herramientas para personalizar y ajustar tu an\u00e1lisis seg\u00fan indicadores y per\u00edodos espec\u00edficos.<\/li>\n\t\t\t<\/ul>\n\t\t\t<\/div>\n<\/div>\n\t\t<\/div>\n\t\t\t\t<\/div>\n\t\t\t\t<\/div>\n\t\t\t\t<\/div>\n\t\t<div class=\"elementor-element elementor-element-b557cc4 e-con-full elementor-hidden-desktop elementor-hidden-tablet elementor-hidden-mobile e-flex e-con e-parent\" data-id=\"b557cc4\" data-element_type=\"container\">\n\t\t\t\t<\/div>\n\t\t<div class=\"elementor-element elementor-element-8100c49 e-con-full e-flex e-con e-parent\" data-id=\"8100c49\" data-element_type=\"container\">\n\t\t<div class=\"elementor-element elementor-element-99a98e5 e-con-full e-flex e-con e-child\" data-id=\"99a98e5\" data-element_type=\"container\" data-settings=\"{&quot;background_background&quot;:&quot;classic&quot;}\">\n\t\t<div class=\"elementor-element elementor-element-b8f745a e-con-full e-flex e-con e-child\" data-id=\"b8f745a\" data-element_type=\"container\">\n\t\t\t\t<div class=\"elementor-element elementor-element-e71a997 elementor-widget__width-initial elementor-widget elementor-widget-text-editor\" data-id=\"e71a997\" data-element_type=\"widget\" data-widget_type=\"text-editor.default\">\n\t\t\t\t<div class=\"elementor-widget-container\">\n\t\t\t\t\t\t\t<p><span style=\"font-weight: 400;\">Con la siguiente herramienta interactiva, podr\u00e1s visualizar distintos indicadores a nivel pa\u00eds, estado y municipio tanto de M\u00e9xico como de Estados Unidos. En el caso de M\u00e9xico est\u00e1n el ingreso por remesas, el salario medio de cotizaci\u00f3n, la tasa de desocupaci\u00f3n, la inversi\u00f3n extranjera, la actividad econ\u00f3mica de los sectores primario, secundario y terciario. Sobre Estados Unidos podr\u00e1s encontrar el PIB, el ingreso personal per c\u00e1pita, valor de las exportaciones a M\u00e9xico, etc\u00e9tera.\u00a0<\/span><\/p><p><span style=\"font-weight: 400;\">Te invitamos a explorarla definiendo el nivel geogr\u00e1fico, el indicador y el periodo de tu inter\u00e9s; consulta los resultados en tablas, gr\u00e1ficas y mapas.<\/span><\/p>\t\t\t\t\t\t<\/div>\n\t\t\t\t<\/div>\n\t\t\t\t<div class=\"elementor-element elementor-element-1ab38fc elementor-widget elementor-widget-spacer\" data-id=\"1ab38fc\" data-element_type=\"widget\" data-widget_type=\"spacer.default\">\n\t\t\t\t<div class=\"elementor-widget-container\">\n\t\t\t\t\t<div class=\"elementor-spacer\">\n\t\t\t<div class=\"elementor-spacer-inner\"><\/div>\n\t\t<\/div>\n\t\t\t\t<\/div>\n\t\t\t\t<\/div>\n\t\t\t\t<\/div>\n\t\t\t\t<div class=\"elementor-element elementor-element-d1b4f20 elementor-widget elementor-widget-html\" data-id=\"d1b4f20\" data-element_type=\"widget\" data-widget_type=\"html.default\">\n\t\t\t\t<div class=\"elementor-widget-container\">\n\t\t\t<iframe src=\"https:\/\/ocef.colef.mx\/ocef_ppta\/sEstadisticas.php\" width=\"100%\" height=\"1100\" title=\"Total de asegurados por el IMMS\"><\/iframe>\r\n\t\t<\/div>\n\t\t\t\t<\/div>\n\t\t\t\t<\/div>\n\t\t\t\t<\/div>\n\t\t<div class=\"elementor-element elementor-element-51028ffa e-con-full qodef-elementor-content-grid e-flex e-con e-parent\" data-id=\"51028ffa\" data-element_type=\"container\">\n\t\t<div class=\"elementor-element elementor-element-1f448210 e-con-full e-flex e-con e-child\" data-id=\"1f448210\" data-element_type=\"container\">\n\t\t\t\t<\/div>\n\t\t<div class=\"elementor-element elementor-element-58d60b09 e-con-full e-flex e-con e-child\" data-id=\"58d60b09\" data-element_type=\"container\" data-settings=\"{&quot;background_background&quot;:&quot;classic&quot;}\">\n\t\t\t\t<\/div>\n\t\t\t\t<\/div>\n\t\t<div class=\"elementor-element elementor-element-514646c0 e-con-full e-flex e-con e-parent\" data-id=\"514646c0\" data-element_type=\"container\">\n\t\t\t\t<div class=\"elementor-element elementor-element-4b4f270b elementor-widget elementor-widget-expertise_core_google_map\" data-id=\"4b4f270b\" data-element_type=\"widget\" data-widget_type=\"expertise_core_google_map.default\">\n\t\t\t\t<div class=\"elementor-widget-container\">\n\t\t\t<div class=\"qodef-shortcode qodef-m  qodef-google-map\">\n\t<div class=\"qodef-m-map\" id=\"qodef-map-id--611\" data-addresses='[\"Seestrasse 21, Zurich, Switzerland\"]' data-pin=https:\/\/observatorios.colef.mx\/ocef\/wp-content\/uploads\/2023\/12\/map-pin.png data-unique-id=611 data-height=740><\/div>\n<\/div>\n\t\t<\/div>\n\t\t\t\t<\/div>\n\t\t\t\t<\/div>\n\t\t<div class=\"elementor-element elementor-element-779ef94 e-grid e-con-boxed e-con e-parent\" data-id=\"779ef94\" data-element_type=\"container\">\n\t\t\t\t\t<div class=\"e-con-inner\">\n\t\t<div class=\"elementor-element elementor-element-c1d4da8 e-con-full e-flex e-con e-child\" data-id=\"c1d4da8\" data-element_type=\"container\">\n\t\t\t\t<div class=\"elementor-element elementor-element-791bcd6a elementor-widget elementor-widget-text-editor\" data-id=\"791bcd6a\" data-element_type=\"widget\" data-widget_type=\"text-editor.default\">\n\t\t\t\t<div class=\"elementor-widget-container\">\n\t\t\t\t\t\t\t<h2><span style=\"color: #000000;\">Comunicaci\u00f3n abierta con el <span style=\"color: #d48223;\">OCEF<\/span><\/span><\/h2>\t\t\t\t\t\t<\/div>\n\t\t\t\t<\/div>\n\t\t\t\t<\/div>\n\t\t<div class=\"elementor-element elementor-element-6764c3a e-con-full e-flex e-con e-child\" data-id=\"6764c3a\" data-element_type=\"container\">\n\t\t\t\t<div class=\"elementor-element elementor-element-130bf3b5 elementor-widget elementor-widget-wp-widget-expertise_core_contact_form_7\" data-id=\"130bf3b5\" data-element_type=\"widget\" data-widget_type=\"wp-widget-expertise_core_contact_form_7.default\">\n\t\t\t\t<div class=\"elementor-widget-container\">\n\t\t\t\t\t\t<div class=\"qodef-contact-form-7\">\n\t\t\t\t\n<div class=\"wpcf7 no-js\" id=\"wpcf7-f8021-o1\" lang=\"es-ES\" dir=\"ltr\" data-wpcf7-id=\"8021\">\n<div class=\"screen-reader-response\"><p role=\"status\" aria-live=\"polite\" aria-atomic=\"true\"><\/p> <ul><\/ul><\/div>\n<form action=\"\/ocef\/wp-json\/wp\/v2\/pages\/1408#wpcf7-f8021-o1\" method=\"post\" class=\"wpcf7-form init\" aria-label=\"Formulario de contacto\" novalidate=\"novalidate\" data-status=\"init\">\n<fieldset class=\"hidden-fields-container\"><input type=\"hidden\" name=\"_wpcf7\" value=\"8021\" \/><input type=\"hidden\" name=\"_wpcf7_version\" value=\"6.1.4\" \/><input type=\"hidden\" name=\"_wpcf7_locale\" value=\"es_ES\" \/><input type=\"hidden\" name=\"_wpcf7_unit_tag\" value=\"wpcf7-f8021-o1\" \/><input type=\"hidden\" name=\"_wpcf7_container_post\" value=\"0\" \/><input type=\"hidden\" name=\"_wpcf7_posted_data_hash\" value=\"\" \/>\n<\/fieldset>\n<div class=\"qodef-form-wrapper qodef--appointment\">\n\n<div class=\"qodef-form-content\">\n\n<h4>Cont\u00e1ctanos <\/h4>\n\n<label> \nEmail\n<span class=\"wpcf7-form-control-wrap\" data-name=\"your-email\"><input size=\"40\" maxlength=\"400\" class=\"wpcf7-form-control wpcf7-email wpcf7-validates-as-required wpcf7-text wpcf7-validates-as-email\" autocomplete=\"email\" aria-required=\"true\" aria-invalid=\"false\" value=\"\" type=\"email\" name=\"your-email\" \/><\/span>\n<\/label>\n\n<label> \nNombre\n<span class=\"wpcf7-form-control-wrap\" data-name=\"your-name\"><input size=\"40\" maxlength=\"400\" class=\"wpcf7-form-control wpcf7-text wpcf7-validates-as-required\" autocomplete=\"name\" aria-required=\"true\" aria-invalid=\"false\" value=\"\" type=\"text\" name=\"your-name\" \/><\/span>\n<\/label>\n\n<label> \nMensaje\n<span class=\"wpcf7-form-control-wrap\" data-name=\"Mensaje\"><textarea cols=\"40\" rows=\"2\" maxlength=\"2000\" class=\"wpcf7-form-control wpcf7-textarea wpcf7-validates-as-required\" aria-required=\"true\" aria-invalid=\"false\" name=\"Mensaje\"><\/textarea><\/span>\n<\/label>\n\n<\/div>\n\n<button class=\"wpcf7-form-control wpcf7-submit qodef-button qodef-size--normal qodef-layout--filled qodef-m\" type=\"submit\"><span class=\"qodef-m-text-holder\"><span class=\"qodef-m-circle\"><\/span><span class=\"qodef-m-text\">Enviar<\/span><\/span><\/button><div class=\"wpcf7-response-output\" aria-hidden=\"true\"><\/div>\n<\/form>\n<\/div>\n\t\t\t<\/div>\n\t\t\t\t\t<\/div>\n\t\t\t\t<\/div>\n\t\t\t\t<\/div>\n\t\t\t\t\t<\/div>\n\t\t\t\t<\/div>\n\t\t<div class=\"elementor-element elementor-element-28aff71 e-grid e-con-boxed e-con e-parent\" data-id=\"28aff71\" data-element_type=\"container\">\n\t\t\t\t\t<div class=\"e-con-inner\">\n\t\t\t\t\t<\/div>\n\t\t\t\t<\/div>\n\t\t\t\t<\/div>\n\t\t","protected":false},"excerpt":{"rendered":"<p>Somos un pilar en el an\u00e1lisis econ\u00f3mico de la frontera Acceso a datos Consulta y descarga de datos econ\u00f3micos detallados de la regi\u00f3n fronteriza. Visualizaci\u00f3n interactiva Gr\u00e1ficos y mapas interactivos para una comprensi\u00f3n visual de las tendencias econ\u00f3micas. An\u00e1lisis personalizado Herramientas para personalizar y ajustar tu an\u00e1lisis seg\u00fan indicadores y per\u00edodos espec\u00edficos. Con la siguiente [&hellip;]<\/p>\n","protected":false},"author":1,"featured_media":0,"parent":0,"menu_order":0,"comment_status":"closed","ping_status":"closed","template":"page-full-width.php","meta":{"_acf_changed":false,"footnotes":""},"class_list":["post-1408","page","type-page","status-publish","hentry"],"acf":[],"_links":{"self":[{"href":"https:\/\/observatorios.colef.mx\/ocef\/wp-json\/wp\/v2\/pages\/1408","targetHints":{"allow":["GET"]}}],"collection":[{"href":"https:\/\/observatorios.colef.mx\/ocef\/wp-json\/wp\/v2\/pages"}],"about":[{"href":"https:\/\/observatorios.colef.mx\/ocef\/wp-json\/wp\/v2\/types\/page"}],"author":[{"embeddable":true,"href":"https:\/\/observatorios.colef.mx\/ocef\/wp-json\/wp\/v2\/users\/1"}],"replies":[{"embeddable":true,"href":"https:\/\/observatorios.colef.mx\/ocef\/wp-json\/wp\/v2\/comments?post=1408"}],"version-history":[{"count":145,"href":"https:\/\/observatorios.colef.mx\/ocef\/wp-json\/wp\/v2\/pages\/1408\/revisions"}],"predecessor-version":[{"id":8037,"href":"https:\/\/observatorios.colef.mx\/ocef\/wp-json\/wp\/v2\/pages\/1408\/revisions\/8037"}],"wp:attachment":[{"href":"https:\/\/observatorios.colef.mx\/ocef\/wp-json\/wp\/v2\/media?parent=1408"}],"curies":[{"name":"wp","href":"https:\/\/api.w.org\/{rel}","templated":true}]}}